{"id":3,"date":"2023-04-04T16:15:30","date_gmt":"2023-04-04T16:15:30","guid":{"rendered":"https:\/\/hyggin-pro.ch\/?page_id=3"},"modified":"2025-08-20T15:06:43","modified_gmt":"2025-08-20T13:06:43","slug":"datenschutzrichtlinie","status":"publish","type":"page","link":"https:\/\/hiarchitecturedetail.com\/de\/privacy-policy\/","title":{"rendered":"Legale \/ Privacy Policy"},"content":{"rendered":"<div data-elementor-type=\"wp-page\" data-elementor-id=\"3\" class=\"elementor elementor-3\" data-elementor-post-type=\"page\">\n\t\t\t\t<div class=\"elementor-element elementor-element-af7205e e-flex e-con-boxed e-con e-child\" data-id=\"af7205e\" data-element_type=\"container\" data-e-type=\"container\">\n\t\t\t\t\t<div class=\"e-con-inner\">\n\t\t\t\t<div class=\"elementor-element elementor-element-5378964 elementor-widget elementor-widget-heading\" data-id=\"5378964\" data-element_type=\"widget\" data-e-type=\"widget\" data-widget_type=\"heading.default\">\n\t\t\t\t\t<h2 class=\"elementor-heading-title elementor-size-default\">Datenschutzrichtlinie<\/h2>\t\t\t\t<\/div>\n\t\t\t\t\t<\/div>\n\t\t\t\t<\/div>\n\t\t<div class=\"elementor-element elementor-element-5309bf02 e-flex e-con-boxed e-con e-parent\" data-id=\"5309bf02\" data-element_type=\"container\" data-e-type=\"container\">\n\t\t\t\t\t<div class=\"e-con-inner\">\n\t\t\t\t<div class=\"elementor-element elementor-element-37cea14a elementor-widget__width-initial elementor-widget elementor-widget-text-editor\" data-id=\"37cea14a\" data-element_type=\"widget\" data-e-type=\"widget\" data-widget_type=\"text-editor.default\">\n\t\t\t\t\t\t\t\t\t\n<p>\u00a0<\/p>\n<hr \/>\n<h1 class=\"wp-block-heading\">HI ARCHITECTURE DETAIL LLC - Datenschutzrichtlinie<\/h1>\n<p>Diese Datenschutzrichtlinie beschreibt, wie HI ARCHITECTURE DETAIL LLC (\u201cwe\u201d, \u201cour\u201d, \u201cus\u201d) deine pers\u00f6nlichen Informationen sammelt, nutzt und weitergibt, wenn du sie besuchst oder einen Kauf aus <a href=\"https:\/\/hiarchitecturedetail.com\/de\/\">https:\/\/hiarchitecturedetail.com<\/a> (die \u201cSite\u201d).<br \/>Wir setzen uns daf\u00fcr ein, deine Privatsph\u00e4re zu sch\u00fctzen und deine pers\u00f6nlichen Daten in einer transparenten und sicheren Art und Weise zu verarbeiten.<\/p>\n<hr \/>\n<h2>PERS\u00d6NLICHE INFORMATIONEN, DIE WIR SAMMELN<\/h2>\n<p>Wenn du die Site besuchst, sammeln wir automatisch bestimmte Informationen \u00fcber dein Ger\u00e4t, einschlie\u00dflich Informationen \u00fcber deinen Webbrowser, IP-Adresse, Zeitzone und einige der Cookies, die auf deinem Ger\u00e4t installiert sind. Wenn du die Website durchsuchst, sammeln wir au\u00dferdem Informationen \u00fcber die einzelnen Webseiten oder Produkte, die du dir ansiehst, welche Websites oder Suchbegriffe dich auf die Website verweisen, und Informationen dar\u00fcber, wie du mit der Website interagierst. Wir beziehen uns auf diese automatisch gesammelten Informationen als <strong>\u201cDevice Information\u201d.\u201d<\/strong><\/p>\n<p>Wir sammeln Ger\u00e4teinformationen mithilfe der folgenden Technologien:<\/p>\n<ul>\n<li>\n<p><strong>Cookies<\/strong>: Datendateien, die auf deinem Ger\u00e4t abgelegt werden und die oft eine anonyme eindeutige Kennung enthalten. Lerne mehr bei <a href=\"http:\/\/www.allaboutcookies.org\/\">http:\/\/www.allaboutcookies.org<\/a>.<\/p>\n<\/li>\n<li>\n<p><strong>Log-Dateien<\/strong>Track actions occurring on the Site, collecting data such as IP address, browser type, Internet service provider, referring\/exit pages, and date\/time stamps.<\/p>\n<\/li>\n<li>\n<p><strong>Web-Beacons, Tags und Pixel<\/strong>: Elektronische Dateien, die zur Aufzeichnung des Surfverhaltens verwendet werden.<\/p>\n<\/li>\n<\/ul>\n<p>Wenn du \u00fcber die Website einen Kauf t\u00e4tigst, sammeln wir Informationen, die zur Erf\u00fcllung deiner Bestellung erforderlich sind: <strong>Name, Rechnungsadresse, Versandadresse, Zahlungsinformationen (einschlie\u00dflich Kreditkarten- oder Zahlungsabwicklerdetails), E-Mail-Adresse und Telefonnummer.<\/strong> Wir beziehen uns darauf als <strong>\u201cOrder Information\u201d.\u201d<\/strong><\/p>\n<p>Gemeinsam bezieht sich \u201cPers\u00f6nliche Informationen\u201d in dieser Datenschutzrichtlinie sowohl auf Ger\u00e4te- als auch auf Bestellinformationen.<\/p>\n<hr \/>\n<h2>WIE WIR DEINE PERS\u00d6NLICHEN INFORMATIONEN VERWENDEN<\/h2>\n<p>We use the information collected to:<\/p>\n<ul>\n<li>\n<p>Fulfill any orders placed (process payments, deliver digital products, provide invoices and confirmations).<\/p>\n<\/li>\n<li>\n<p>Kommuniziere mit dir \u00fcber deinen Kauf.<\/p>\n<\/li>\n<li>\n<p>Screen orders for potential risk or fraud.<\/p>\n<\/li>\n<li>\n<p>Verbesserung und Optimierung unserer Website (Analytik, Marketing, Werbeleistung).<\/p>\n<\/li>\n<li>\n<p>Bereitstellung von Newslettern, Angeboten und Updates, wo du deine Zustimmung gegeben hast.<\/p>\n<\/li>\n<\/ul>\n<p><strong>Rechtsgrundlagen (f\u00fcr europ\u00e4ische Besucher unter GDPR):<\/strong><\/p>\n<ul>\n<li>\n<p>Erf\u00fcllung eines Vertrags (um gekaufte Produkte zu liefern).<\/p>\n<\/li>\n<li>\n<p>Deine Zustimmung (f\u00fcr Marketing, Cookies).<\/p>\n<\/li>\n<li>\n<p>Legitimierte Interessen (Betrugspr\u00e4vention, Standortverbesserung).<\/p>\n<\/li>\n<\/ul>\n<hr \/>\n<h2>WEITERGABE DEINER PERS\u00d6NLICHEN INFORMATIONEN<\/h2>\n<p>We share Personal Information with trusted third parties to help us operate the Site:<\/p>\n<ul>\n<li>\n<p><strong>Website-Hosting und Analysen<\/strong> (WordPress, Google Analytics).<\/p>\n<\/li>\n<li>\n<p><strong>Zahlungsabwicklung<\/strong> (Stripe, PayPal oder andere Anbieter).<\/p>\n<\/li>\n<li>\n<p><strong>E-Mail-Kommunikation<\/strong> (Mailchimp, Klaviyo, or similar).<\/p>\n<\/li>\n<\/ul>\n<p>Du kannst hier mehr dar\u00fcber lesen, wie Google Daten verwendet: <a href=\"https:\/\/www.google.com\/policies\/privacy\/\">Google-Datenschutzrichtlinie<\/a>.<br \/>You can opt out of Google Analytics here: <a href=\"https:\/\/tools.google.com\/dlpage\/gaoptout\">Google Analytics Opt-out<\/a>.<\/p>\n<p>We may also share information:<\/p>\n<ul>\n<li>\n<p>Um die geltenden Gesetze einzuhalten oder auf rechtm\u00e4\u00dfige Anfragen zu reagieren.<\/p>\n<\/li>\n<li>\n<p>To protect our rights, property, or safety.<\/p>\n<\/li>\n<\/ul>\n<hr \/>\n<h2>BEHAVIORAL ADVERTISING<\/h2>\n<p>We may use your Personal Information to provide targeted advertisements or marketing communications.<br \/>Du kannst dich \u00fcber opt out entscheiden:<\/p>\n<ul>\n<li>\n<p><a href=\"https:\/\/www.facebook.com\/settings\/?tab=ads\">Facebook Ads Settings<\/a><\/p>\n<\/li>\n<li>\n<p><a href=\"https:\/\/www.google.com\/settings\/ads\/anonymous\">Google Ads Settings<\/a><\/p>\n<\/li>\n<li>\n<p><a href=\"https:\/\/advertise.bingads.microsoft.com\/en-us\/resources\/policies\/personalized-ads\">Bing Ads Preferences<\/a><br \/>Oder besuche die <a href=\"http:\/\/optout.aboutads.info\/\">Digital Advertising Alliance Opt-out Portal<\/a>.<\/p>\n<\/li>\n<\/ul>\n<hr \/>\n<h2>COOKIES &amp; CONSENT<\/h2>\n<p>Wir verwenden Cookies, um dein Surferlebnis zu verbessern, Inhalte zu personalisieren und den Datenverkehr zu analysieren.<br \/>Wenn es gesetzlich vorgeschrieben ist (z. B. in der Europ\u00e4ischen Union), muss eine <strong>cookie consent banner<\/strong> erlaubt es dir, nicht-essentielle Cookies zu akzeptieren oder abzulehnen.<\/p>\n<hr \/>\n<h2>DO NOT TRACK<\/h2>\n<p>Bitte beachte, dass wir die Datenerfassung und die Nutzungspraktiken unserer Website nicht \u00e4ndern, wenn wir ein Do Not Track-Signal von deinem Browser sehen.<\/p>\n<hr \/>\n<h2>YOUR RIGHTS<\/h2>\n<h3>Wenn du in Europa ans\u00e4ssig bist (GDPR):<\/h3>\n<p>You have the right to:<\/p>\n<ul>\n<li>\n<p>Zugriff auf die pers\u00f6nlichen Daten, die wir \u00fcber dich gespeichert haben.<\/p>\n<\/li>\n<li>\n<p>Korrektur, Aktualisierung oder L\u00f6schung deiner Daten beantragen.<\/p>\n<\/li>\n<li>\n<p>Die Verarbeitung deiner Daten einschr\u00e4nken oder ihr widersprechen.<\/p>\n<\/li>\n<li>\n<p>Withdraw consent (for cookies, newsletters) at any time.<\/p>\n<\/li>\n<li>\n<p>Request data portability.<\/p>\n<\/li>\n<li>\n<p>Lege eine Beschwerde bei deiner lokalen Aufsichtsbeh\u00f6rde (z. B. CNIL in Frankreich) ein.<\/p>\n<\/li>\n<\/ul>\n<h3>If you are a California resident (CCPA):<\/h3>\n<p>You have the right to:<\/p>\n<ul>\n<li>\n<p>Fordere Details dar\u00fcber an, welche pers\u00f6nlichen Daten wir sammeln und wie wir sie verwenden.<\/p>\n<\/li>\n<li>\n<p>Beantrage die L\u00f6schung deiner Daten.<\/p>\n<\/li>\n<li>\n<p>Opt out of the \u201csale\u201d of your personal data (we do not sell your personal data in the conventional sense).<\/p>\n<\/li>\n<\/ul>\n<p>To exercise these rights, please contact us at: <strong>hello (at) hiarchitecturedetail.com<\/strong>.<\/p>\n<hr \/>\n<h2>DATA TRANSFERS<\/h2>\n<p>Wir operieren weltweit. Durch die Nutzung unserer Website best\u00e4tigst du, dass deine Informationen an Server in den Vereinigten Staaten oder anderen L\u00e4ndern au\u00dferhalb deines Wohnortes \u00fcbertragen werden k\u00f6nnen.<br \/>We ensure that appropriate safeguards (such as EU Standard Contractual Clauses) are in place when transfering data.<\/p>\n<hr \/>\n<h2>DATA RETENTION<\/h2>\n<p>We will retain your Order Information for as long as necessary to provide our services and comply with legal obligations, unless and until you request deletion.<\/p>\n<hr \/>\n<h2>DATA SECURITY<\/h2>\n<p>Wir f\u00fchren technische und organisatorische Ma\u00dfnahmen ein, um deine Informationen vor unberechtigtem Zugriff, Weitergabe, Ver\u00e4nderung oder Zerst\u00f6rung zu sch\u00fctzen.<\/p>\n<hr \/>\n<h2>CHANGES<\/h2>\n<p>We may update this Privacy Policy periodically to reflect operational, legal, or regulatory changes. Updates werden auf dieser Seite mit dem revidierten \u201clast updated\u201d Datum ver\u00f6ffentlicht.<\/p>\n<hr \/>\n<h2>KONTAKT US<\/h2>\n<p>F\u00fcr weitere Informationen \u00fcber unsere Datenschutzpraktiken, oder wenn du irgendwelche Fragen oder Beschwerden hast, kontaktiere uns bitte:<br \/><strong>HI ARCHITECTURE DETAIL LLC<\/strong><br \/>Email: <strong>hello (at) hiarchitecturedetail.com<\/strong><br \/>Adresse: <strong>5830 E 2nd St, Ste 7000 #25675, Casper, Wyoming 82609, USA<\/strong><\/p>\n<hr \/>\n<p>\u00a0<\/p>\n\t\t\t\t\t\t\t\t<\/div>\n\t\t\t\t\t<\/div>\n\t\t\t\t<\/div>\n\t\t\t\t<\/div>\n\t\t<script>function getWR360PopupSkin(){return 'light_clean';}<\/script>","protected":false},"excerpt":{"rendered":"<p>Privacy Policy \u00a0 HI ARCHITECTURE DETAIL LLC \u2013 Privacy Policy This Privacy Policy describes how HI ARCHITECTURE DETAIL LLC (\u201cwe\u201d, \u201cour\u201d, \u201cus\u201d) collects, uses, and shares your personal information when you visit or make a purchase from https:\/\/hiarchitecturedetail.com (the \u201cSite\u201d).We are committed to protecting your privacy and handling your personal data in a transparent and [&hellip;]<\/p>\n","protected":false},"author":5,"featured_media":0,"parent":0,"menu_order":0,"comment_status":"closed","ping_status":"closed","template":"","meta":{"_acf_changed":false,"iawp_total_views":342,"footnotes":""},"class_list":["post-3","page","type-page","status-publish","hentry"],"acf":[],"jetpack_sharing_enabled":true,"_links":{"self":[{"href":"https:\/\/hiarchitecturedetail.com\/de\/wp-json\/wp\/v2\/pages\/3","targetHints":{"allow":["GET"]}}],"collection":[{"href":"https:\/\/hiarchitecturedetail.com\/de\/wp-json\/wp\/v2\/pages"}],"about":[{"href":"https:\/\/hiarchitecturedetail.com\/de\/wp-json\/wp\/v2\/types\/page"}],"author":[{"embeddable":true,"href":"https:\/\/hiarchitecturedetail.com\/de\/wp-json\/wp\/v2\/users\/5"}],"replies":[{"embeddable":true,"href":"https:\/\/hiarchitecturedetail.com\/de\/wp-json\/wp\/v2\/comments?post=3"}],"version-history":[{"count":9,"href":"https:\/\/hiarchitecturedetail.com\/de\/wp-json\/wp\/v2\/pages\/3\/revisions"}],"predecessor-version":[{"id":16595,"href":"https:\/\/hiarchitecturedetail.com\/de\/wp-json\/wp\/v2\/pages\/3\/revisions\/16595"}],"wp:attachment":[{"href":"https:\/\/hiarchitecturedetail.com\/de\/wp-json\/wp\/v2\/media?parent=3"}],"curies":[{"name":"na klar","href":"https:\/\/api.w.org\/{rel}","templated":true}]}}