{"id":9636,"date":"2024-07-30T14:03:11","date_gmt":"2024-07-30T12:03:11","guid":{"rendered":"https:\/\/hi-render.ch\/?page_id=9636"},"modified":"2026-03-05T12:24:20","modified_gmt":"2026-03-05T11:24:20","slug":"hi-architektur-detail-free","status":"publish","type":"page","link":"https:\/\/hiarchitecturedetail.com\/de\/architecture-detail\/hi-architecture-detail-free\/","title":{"rendered":"Hi Architecture detail \/ Free"},"content":{"rendered":"\t\t<div data-elementor-type=\"wp-page\" data-elementor-id=\"9636\" class=\"elementor elementor-9636\" data-elementor-post-type=\"page\">\n\t\t\t\t<div class=\"elementor-element elementor-element-bb1e86b e-flex e-con-boxed e-con e-parent\" data-id=\"bb1e86b\" data-element_type=\"container\" data-e-type=\"container\">\n\t\t\t\t\t<div class=\"e-con-inner\">\n\t\t<div class=\"elementor-element elementor-element-c46c759 e-con-full e-flex e-con e-child\" data-id=\"c46c759\" data-element_type=\"container\" data-e-type=\"container\">\n\t\t\t\t<div class=\"elementor-element elementor-element-74229ea elementor-widget elementor-widget-heading\" data-id=\"74229ea\" data-element_type=\"widget\" data-e-type=\"widget\" data-widget_type=\"heading.default\">\n\t\t\t\t\t<h2 class=\"elementor-heading-title elementor-size-default\">Free<\/h2>\t\t\t\t<\/div>\n\t\t\t\t<div class=\"elementor-element elementor-element-a7f7ae2 elementor-widget__width-initial elementor-widget elementor-widget-text-editor\" data-id=\"a7f7ae2\" data-element_type=\"widget\" data-e-type=\"widget\" data-widget_type=\"text-editor.default\">\n\t\t\t\t\t\t\t\t\t<p>Notre site web est n\u00e9 de notre passion pour offrir \u00e0 chaque architecte des ressources de qualit\u00e9 et des outils pratiques pour nourrir leur cr\u00e9ativit\u00e9 et am\u00e9liorer leur pratique professionnelle.<\/p>\t\t\t\t\t\t\t\t<\/div>\n\t\t\t\t<\/div>\n\t\t<div class=\"elementor-element elementor-element-7ac08b0 e-con-full e-flex e-con e-child\" data-id=\"7ac08b0\" data-element_type=\"container\" data-e-type=\"container\">\n\t\t\t\t<div class=\"elementor-element elementor-element-ca859c8 elementor-widget-divider--view-line elementor-widget elementor-widget-divider\" data-id=\"ca859c8\" data-element_type=\"widget\" data-e-type=\"widget\" data-widget_type=\"divider.default\">\n\t\t\t\t\t\t\t<div class=\"elementor-divider\">\n\t\t\t<span class=\"elementor-divider-separator\">\n\t\t\t\t\t\t<\/span>\n\t\t<\/div>\n\t\t\t\t\t\t<\/div>\n\t\t<div class=\"elementor-element elementor-element-422d95e e-con-full e-flex e-con e-child\" data-id=\"422d95e\" data-element_type=\"container\" data-e-type=\"container\">\n\t\t\t\t<div class=\"elementor-element elementor-element-c0c3029 elementor-widget elementor-widget-heading\" data-id=\"c0c3029\" data-element_type=\"widget\" data-e-type=\"widget\" data-widget_type=\"heading.default\">\n\t\t\t\t\t<div class=\"elementor-heading-title elementor-size-default\">Cat\u00e9gories <\/div>\t\t\t\t<\/div>\n\t\t\t\t<\/div>\n\t\t\t\t<div class=\"elementor-element elementor-element-82d2dcf elementor-widget-divider--view-line elementor-widget elementor-widget-divider\" data-id=\"82d2dcf\" data-element_type=\"widget\" data-e-type=\"widget\" data-widget_type=\"divider.default\">\n\t\t\t\t\t\t\t<div class=\"elementor-divider\">\n\t\t\t<span class=\"elementor-divider-separator\">\n\t\t\t\t\t\t<\/span>\n\t\t<\/div>\n\t\t\t\t\t\t<\/div>\n\t\t\t\t<\/div>\n\t\t\t\t\t<\/div>\n\t\t\t\t<\/div>\n\t\t<div class=\"elementor-element elementor-element-bdd6f8d e-flex e-con-boxed e-con e-parent\" data-id=\"bdd6f8d\" data-element_type=\"container\" data-e-type=\"container\">\n\t\t\t\t\t<div class=\"e-con-inner\">\n\t\t<div class=\"elementor-element elementor-element-e4f9b9c e-con-full e-flex e-con e-child\" data-id=\"e4f9b9c\" data-element_type=\"container\" data-e-type=\"container\">\n\t\t\t\t<div class=\"elementor-element elementor-element-b6c7fd1 elementor-grid-3 elementor-grid-tablet-2 elementor-grid-mobile-1 elementor-widget elementor-widget-loop-grid\" data-id=\"b6c7fd1\" data-element_type=\"widget\" data-e-type=\"widget\" data-settings=\"{&quot;template_id&quot;:&quot;9655&quot;,&quot;columns&quot;:3,&quot;row_gap&quot;:{&quot;unit&quot;:&quot;px&quot;,&quot;size&quot;:30,&quot;sizes&quot;:[]},&quot;_skin&quot;:&quot;post&quot;,&quot;columns_tablet&quot;:&quot;2&quot;,&quot;columns_mobile&quot;:&quot;1&quot;,&quot;edit_handle_selector&quot;:&quot;[data-elementor-type=\\&quot;loop-item\\&quot;]&quot;,&quot;row_gap_laptop&quot;:{&quot;unit&quot;:&quot;px&quot;,&quot;size&quot;:&quot;&quot;,&quot;sizes&quot;:[]},&quot;row_gap_tablet&quot;:{&quot;unit&quot;:&quot;px&quot;,&quot;size&quot;:&quot;&quot;,&quot;sizes&quot;:[]},&quot;row_gap_mobile&quot;:{&quot;unit&quot;:&quot;px&quot;,&quot;size&quot;:&quot;&quot;,&quot;sizes&quot;:[]}}\" data-widget_type=\"loop-grid.post\">\n\t\t\t\t<div class=\"elementor-widget-container\">\n\t\t\t\t\t\t\t<div class=\"elementor-loop-container elementor-grid\" role=\"list\">\n\t\t<style id=\"loop-9655\">.elementor-9655 .elementor-element.elementor-element-3858d213{--display:flex;--flex-direction:column;--container-widget-width:100%;--container-widget-height:initial;--container-widget-flex-grow:0;--container-widget-align-self:initial;--flex-wrap-mobile:wrap;--gap:0px 0px;--row-gap:0px;--column-gap:0px;--margin-top:0px;--margin-bottom:0px;--margin-left:0px;--margin-right:0px;--padding-top:0px;--padding-bottom:0px;--padding-left:0px;--padding-right:0px;}.elementor-9655 .elementor-element.elementor-element-b1c437f{--display:flex;--margin-top:0px;--margin-bottom:0px;--margin-left:0px;--margin-right:0px;--padding-top:0px;--padding-bottom:0px;--padding-left:0px;--padding-right:0px;}.elementor-9655 .elementor-element.elementor-element-470c9944 img{height:400px;object-fit:cover;object-position:center center;}.elementor-9655 .elementor-element.elementor-element-470c9944{width:100%;max-width:100%;}.elementor-9655 .elementor-element.elementor-element-36beeb15{--display:flex;--flex-direction:column;--container-widget-width:100%;--container-widget-height:initial;--container-widget-flex-grow:0;--container-widget-align-self:initial;--flex-wrap-mobile:wrap;--margin-top:0px;--margin-bottom:0px;--margin-left:0px;--margin-right:0px;--padding-top:010px;--padding-bottom:0px;--padding-left:0px;--padding-right:0px;}.elementor-9655 .elementor-element.elementor-element-53f1f753 .elementor-heading-title{font-family:var( --e-global-typography-985b612-font-family ), Sans-serif;font-size:var( --e-global-typography-985b612-font-size );font-weight:var( --e-global-typography-985b612-font-weight );line-height:var( --e-global-typography-985b612-line-height );letter-spacing:var( --e-global-typography-985b612-letter-spacing );word-spacing:var( --e-global-typography-985b612-word-spacing );color:var( --e-global-color-text );}.elementor-9655 .elementor-element.elementor-element-403caf54 .elementor-heading-title{font-family:var( --e-global-typography-text-font-family ), Sans-serif;font-size:var( --e-global-typography-text-font-size );font-weight:var( --e-global-typography-text-font-weight );font-style:var( --e-global-typography-text-font-style );line-height:var( --e-global-typography-text-line-height );letter-spacing:var( --e-global-typography-text-letter-spacing );color:var( --e-global-color-text );}@media(min-width:768px){.elementor-9655 .elementor-element.elementor-element-3858d213{--width:100%;}.elementor-9655 .elementor-element.elementor-element-36beeb15{--width:100%;}}@media(max-width:1366px){.elementor-9655 .elementor-element.elementor-element-53f1f753 .elementor-heading-title{font-size:var( --e-global-typography-985b612-font-size );line-height:var( --e-global-typography-985b612-line-height );letter-spacing:var( --e-global-typography-985b612-letter-spacing );word-spacing:var( --e-global-typography-985b612-word-spacing );}.elementor-9655 .elementor-element.elementor-element-403caf54 .elementor-heading-title{font-size:var( --e-global-typography-text-font-size );line-height:var( --e-global-typography-text-line-height );letter-spacing:var( --e-global-typography-text-letter-spacing );}}@media(max-width:1024px){.elementor-9655 .elementor-element.elementor-element-53f1f753 .elementor-heading-title{font-size:var( --e-global-typography-985b612-font-size );line-height:var( --e-global-typography-985b612-line-height );letter-spacing:var( --e-global-typography-985b612-letter-spacing );word-spacing:var( --e-global-typography-985b612-word-spacing );}.elementor-9655 .elementor-element.elementor-element-403caf54 .elementor-heading-title{font-size:var( --e-global-typography-text-font-size );line-height:var( --e-global-typography-text-line-height );letter-spacing:var( --e-global-typography-text-letter-spacing );}}@media(max-width:767px){.elementor-9655 .elementor-element.elementor-element-470c9944 img{height:300px;}.elementor-9655 .elementor-element.elementor-element-53f1f753 .elementor-heading-title{font-size:var( --e-global-typography-985b612-font-size );line-height:var( --e-global-typography-985b612-line-height );letter-spacing:var( --e-global-typography-985b612-letter-spacing );word-spacing:var( --e-global-typography-985b612-word-spacing );}.elementor-9655 .elementor-element.elementor-element-403caf54 .elementor-heading-title{font-size:var( --e-global-typography-text-font-size );line-height:var( --e-global-typography-text-line-height );letter-spacing:var( --e-global-typography-text-letter-spacing );}}<\/style>\t\t<div data-elementor-type=\"loop-item\" data-elementor-id=\"9655\" class=\"elementor elementor-9655 e-loop-item e-loop-item-14232 post-14232 free type-free status-publish has-post-thumbnail hentry\" data-elementor-post-type=\"elementor_library\" data-custom-edit-handle=\"1\">\n\t\t\t<div class=\"elementor-element elementor-element-3858d213 e-con-full e-flex e-con e-parent\" data-id=\"3858d213\" data-element_type=\"container\" data-e-type=\"container\">\n\t\t<div class=\"elementor-element elementor-element-b1c437f e-con-full e-flex e-con e-child\" data-id=\"b1c437f\" data-element_type=\"container\" data-e-type=\"container\">\n\t\t\t\t<div class=\"elementor-element elementor-element-470c9944 elementor-widget__width-inherit elementor-widget elementor-widget-image\" data-id=\"470c9944\" data-element_type=\"widget\" data-e-type=\"widget\" data-widget_type=\"image.default\">\n\t\t\t\t\t\t\t\t\t\t\t\t\t\t\t\t<a href=\"https:\/\/hiarchitecturedetail.com\/de\/free\/le-guide-pour-attirer-les-meilleurs-clients-et-facturer-a-ta-juste-valeur\/\">\n\t\t\t\t\t\t\t<img fetchpriority=\"high\" decoding=\"async\" width=\"800\" height=\"1000\" src=\"https:\/\/hiarchitecturedetail.com\/wp-content\/uploads\/2025\/05\/Guide_comment-attirer-de-meilleurs-clients_publication-Insta-819x1024.webp\" class=\"attachment-large size-large wp-image-14263\" alt=\"\" srcset=\"https:\/\/hiarchitecturedetail.com\/wp-content\/uploads\/2025\/05\/Guide_comment-attirer-de-meilleurs-clients_publication-Insta-819x1024.webp 819w, https:\/\/hiarchitecturedetail.com\/wp-content\/uploads\/2025\/05\/Guide_comment-attirer-de-meilleurs-clients_publication-Insta-240x300.webp 240w, https:\/\/hiarchitecturedetail.com\/wp-content\/uploads\/2025\/05\/Guide_comment-attirer-de-meilleurs-clients_publication-Insta-768x960.png 768w, https:\/\/hiarchitecturedetail.com\/wp-content\/uploads\/2025\/05\/Guide_comment-attirer-de-meilleurs-clients_publication-Insta-10x12.png 10w, https:\/\/hiarchitecturedetail.com\/wp-content\/uploads\/2025\/05\/Guide_comment-attirer-de-meilleurs-clients_publication-Insta-600x750.png 600w, https:\/\/hiarchitecturedetail.com\/wp-content\/uploads\/2025\/05\/Guide_comment-attirer-de-meilleurs-clients_publication-Insta.webp 1080w\" sizes=\"(max-width: 800px) 100vw, 800px\" \/>\t\t\t\t\t\t\t\t<\/a>\n\t\t\t\t\t\t\t\t\t\t\t\t\t\t\t<\/div>\n\t\t\t\t<\/div>\n\t\t<div class=\"elementor-element elementor-element-36beeb15 e-con-full e-flex e-con e-child\" data-id=\"36beeb15\" data-element_type=\"container\" data-e-type=\"container\">\n\t\t\t\t<div class=\"elementor-element elementor-element-53f1f753 elementor-widget elementor-widget-heading\" data-id=\"53f1f753\" data-element_type=\"widget\" data-e-type=\"widget\" data-widget_type=\"heading.default\">\n\t\t\t\t\t<div class=\"elementor-heading-title elementor-size-default\">Le guide pour attirer les meilleurs clients et facturer \u00e0 ta juste valeur<\/div>\t\t\t\t<\/div>\n\t\t\t\t<div class=\"elementor-element elementor-element-403caf54 elementor-widget elementor-widget-heading\" data-id=\"403caf54\" data-element_type=\"widget\" data-e-type=\"widget\" data-widget_type=\"heading.default\">\n\t\t\t\t\t<div class=\"elementor-heading-title elementor-size-default\">Tu veux des clients qui te respectent, un process qui te simplifie la vie, et des tarifs qui refl\u00e8tent enfin ta vraie valeur ? Ce guide est pour toi.<\/div>\t\t\t\t<\/div>\n\t\t\t\t<\/div>\n\t\t\t\t<\/div>\n\t\t\t\t<\/div>\n\t\t\t\t<div data-elementor-type=\"loop-item\" data-elementor-id=\"9655\" class=\"elementor elementor-9655 e-loop-item e-loop-item-13857 post-13857 free type-free status-publish has-post-thumbnail hentry\" data-elementor-post-type=\"elementor_library\" data-custom-edit-handle=\"1\">\n\t\t\t<div class=\"elementor-element elementor-element-3858d213 e-con-full e-flex e-con e-parent\" data-id=\"3858d213\" data-element_type=\"container\" data-e-type=\"container\">\n\t\t<div class=\"elementor-element elementor-element-b1c437f e-con-full e-flex e-con e-child\" data-id=\"b1c437f\" data-element_type=\"container\" data-e-type=\"container\">\n\t\t\t\t<div class=\"elementor-element elementor-element-470c9944 elementor-widget__width-inherit elementor-widget elementor-widget-image\" data-id=\"470c9944\" data-element_type=\"widget\" data-e-type=\"widget\" data-widget_type=\"image.default\">\n\t\t\t\t\t\t\t\t\t\t\t\t\t\t\t\t<a href=\"https:\/\/hiarchitecturedetail.com\/de\/free\/le-guide-des-phrases-magiques-pour-calmer-un-client-stresse\/\">\n\t\t\t\t\t\t\t<img decoding=\"async\" width=\"800\" height=\"1000\" src=\"https:\/\/hiarchitecturedetail.com\/wp-content\/uploads\/2025\/03\/Stress-guide_front-page-819x1024.webp\" class=\"attachment-large size-large wp-image-13870\" alt=\"\" srcset=\"https:\/\/hiarchitecturedetail.com\/wp-content\/uploads\/2025\/03\/Stress-guide_front-page-819x1024.webp 819w, https:\/\/hiarchitecturedetail.com\/wp-content\/uploads\/2025\/03\/Stress-guide_front-page-240x300.webp 240w, https:\/\/hiarchitecturedetail.com\/wp-content\/uploads\/2025\/03\/Stress-guide_front-page-768x960.webp 768w, https:\/\/hiarchitecturedetail.com\/wp-content\/uploads\/2025\/03\/Stress-guide_front-page-10x12.webp 10w, https:\/\/hiarchitecturedetail.com\/wp-content\/uploads\/2025\/03\/Stress-guide_front-page-600x750.png 600w, https:\/\/hiarchitecturedetail.com\/wp-content\/uploads\/2025\/03\/Stress-guide_front-page.webp 1080w\" sizes=\"(max-width: 800px) 100vw, 800px\" \/>\t\t\t\t\t\t\t\t<\/a>\n\t\t\t\t\t\t\t\t\t\t\t\t\t\t\t<\/div>\n\t\t\t\t<\/div>\n\t\t<div class=\"elementor-element elementor-element-36beeb15 e-con-full e-flex e-con e-child\" data-id=\"36beeb15\" data-element_type=\"container\" data-e-type=\"container\">\n\t\t\t\t<div class=\"elementor-element elementor-element-53f1f753 elementor-widget elementor-widget-heading\" data-id=\"53f1f753\" data-element_type=\"widget\" data-e-type=\"widget\" data-widget_type=\"heading.default\">\n\t\t\t\t\t<div class=\"elementor-heading-title elementor-size-default\">Le guide des phrases magiques pour calmer un client stress\u00e9<\/div>\t\t\t\t<\/div>\n\t\t\t\t<div class=\"elementor-element elementor-element-403caf54 elementor-widget elementor-widget-heading\" data-id=\"403caf54\" data-element_type=\"widget\" data-e-type=\"widget\" data-widget_type=\"heading.default\">\n\t\t\t\t\t<div class=\"elementor-heading-title elementor-size-default\">Ce petit guide te partage des phrases simples, efficaces et rassurantes \u00e0 utiliser dans les moments de tension, sans perdre ta posture pro.<\/div>\t\t\t\t<\/div>\n\t\t\t\t<\/div>\n\t\t\t\t<\/div>\n\t\t\t\t<\/div>\n\t\t\t\t<div data-elementor-type=\"loop-item\" data-elementor-id=\"9655\" class=\"elementor elementor-9655 e-loop-item e-loop-item-12010 post-12010 free type-free status-publish has-post-thumbnail hentry\" data-elementor-post-type=\"elementor_library\" data-custom-edit-handle=\"1\">\n\t\t\t<div class=\"elementor-element elementor-element-3858d213 e-con-full e-flex e-con e-parent\" data-id=\"3858d213\" data-element_type=\"container\" data-e-type=\"container\">\n\t\t<div class=\"elementor-element elementor-element-b1c437f e-con-full e-flex e-con e-child\" data-id=\"b1c437f\" data-element_type=\"container\" data-e-type=\"container\">\n\t\t\t\t<div class=\"elementor-element elementor-element-470c9944 elementor-widget__width-inherit elementor-widget elementor-widget-image\" data-id=\"470c9944\" data-element_type=\"widget\" data-e-type=\"widget\" data-widget_type=\"image.default\">\n\t\t\t\t\t\t\t\t\t\t\t\t\t\t\t\t<a href=\"https:\/\/hiarchitecturedetail.com\/de\/free\/objets-2d-sejour-salle-a-manger\/\">\n\t\t\t\t\t\t\t<img decoding=\"async\" width=\"800\" height=\"800\" src=\"https:\/\/hiarchitecturedetail.com\/wp-content\/uploads\/2026\/01\/1-1024x1024.jpg\" class=\"attachment-large size-large wp-image-22766\" alt=\"\" srcset=\"https:\/\/hiarchitecturedetail.com\/wp-content\/uploads\/2026\/01\/1-1024x1024.jpg 1024w, https:\/\/hiarchitecturedetail.com\/wp-content\/uploads\/2026\/01\/1-300x300.jpg 300w, https:\/\/hiarchitecturedetail.com\/wp-content\/uploads\/2026\/01\/1-150x150.jpg 150w, https:\/\/hiarchitecturedetail.com\/wp-content\/uploads\/2026\/01\/1-768x768.jpg 768w, https:\/\/hiarchitecturedetail.com\/wp-content\/uploads\/2026\/01\/1-1536x1536.jpg 1536w, https:\/\/hiarchitecturedetail.com\/wp-content\/uploads\/2026\/01\/1-12x12.jpg 12w, https:\/\/hiarchitecturedetail.com\/wp-content\/uploads\/2026\/01\/1-600x600.jpg 600w, https:\/\/hiarchitecturedetail.com\/wp-content\/uploads\/2026\/01\/1-100x100.jpg 100w, https:\/\/hiarchitecturedetail.com\/wp-content\/uploads\/2026\/01\/1.jpg 2000w\" sizes=\"(max-width: 800px) 100vw, 800px\" \/>\t\t\t\t\t\t\t\t<\/a>\n\t\t\t\t\t\t\t\t\t\t\t\t\t\t\t<\/div>\n\t\t\t\t<\/div>\n\t\t<div class=\"elementor-element elementor-element-36beeb15 e-con-full e-flex e-con e-child\" data-id=\"36beeb15\" data-element_type=\"container\" data-e-type=\"container\">\n\t\t\t\t<div class=\"elementor-element elementor-element-53f1f753 elementor-widget elementor-widget-heading\" data-id=\"53f1f753\" data-element_type=\"widget\" data-e-type=\"widget\" data-widget_type=\"heading.default\">\n\t\t\t\t\t<div class=\"elementor-heading-title elementor-size-default\">Starter kit CAD<\/div>\t\t\t\t<\/div>\n\t\t\t\t<div class=\"elementor-element elementor-element-403caf54 elementor-widget elementor-widget-heading\" data-id=\"403caf54\" data-element_type=\"widget\" data-e-type=\"widget\" data-widget_type=\"heading.default\">\n\t\t\t\t\t<div class=\"elementor-heading-title elementor-size-default\">T\u00e9l\u00e9chargez gratuitement une s\u00e9lection d'objets en 2D (cuisine, salle de bain, mobilier, luminaire, d\u00e9coration, personnages), pr\u00eats \u00e0 \u00eatre int\u00e9gr\u00e9s dans vos projets d'architecture. Donnez \u00e0 vos plans un design \u00e9pur\u00e9 et personnalis\u00e9, tout en optimisant vos conceptions gr\u00e2ce \u00e0 ces \u00e9l\u00e9ments professionnels.<\/div>\t\t\t\t<\/div>\n\t\t\t\t<\/div>\n\t\t\t\t<\/div>\n\t\t\t\t<\/div>\n\t\t\t\t<div data-elementor-type=\"loop-item\" data-elementor-id=\"9655\" class=\"elementor elementor-9655 e-loop-item e-loop-item-10912 post-10912 free type-free status-publish has-post-thumbnail hentry\" data-elementor-post-type=\"elementor_library\" data-custom-edit-handle=\"1\">\n\t\t\t<div class=\"elementor-element elementor-element-3858d213 e-con-full e-flex e-con e-parent\" data-id=\"3858d213\" data-element_type=\"container\" data-e-type=\"container\">\n\t\t<div class=\"elementor-element elementor-element-b1c437f e-con-full e-flex e-con e-child\" data-id=\"b1c437f\" data-element_type=\"container\" data-e-type=\"container\">\n\t\t\t\t<div class=\"elementor-element elementor-element-470c9944 elementor-widget__width-inherit elementor-widget elementor-widget-image\" data-id=\"470c9944\" data-element_type=\"widget\" data-e-type=\"widget\" data-widget_type=\"image.default\">\n\t\t\t\t\t\t\t\t\t\t\t\t\t\t\t\t<a href=\"https:\/\/hiarchitecturedetail.com\/de\/free\/template\/\">\n\t\t\t\t\t\t\t<img loading=\"lazy\" decoding=\"async\" width=\"800\" height=\"756\" src=\"https:\/\/hiarchitecturedetail.com\/wp-content\/uploads\/2024\/08\/Carnet-de-note_preview-1024x968.jpg\" class=\"attachment-large size-large wp-image-10924\" alt=\"\" srcset=\"https:\/\/hiarchitecturedetail.com\/wp-content\/uploads\/2024\/08\/Carnet-de-note_preview-1024x968.jpg 1024w, https:\/\/hiarchitecturedetail.com\/wp-content\/uploads\/2024\/08\/Carnet-de-note_preview-600x567.jpg 600w, https:\/\/hiarchitecturedetail.com\/wp-content\/uploads\/2024\/08\/Carnet-de-note_preview-300x284.webp 300w, https:\/\/hiarchitecturedetail.com\/wp-content\/uploads\/2024\/08\/Carnet-de-note_preview-768x726.jpg 768w, https:\/\/hiarchitecturedetail.com\/wp-content\/uploads\/2024\/08\/Carnet-de-note_preview-1536x1452.jpg 1536w, https:\/\/hiarchitecturedetail.com\/wp-content\/uploads\/2024\/08\/Carnet-de-note_preview-2048x1937.jpg 2048w, https:\/\/hiarchitecturedetail.com\/wp-content\/uploads\/2024\/08\/Carnet-de-note_preview-13x12.webp 13w\" sizes=\"(max-width: 800px) 100vw, 800px\" \/>\t\t\t\t\t\t\t\t<\/a>\n\t\t\t\t\t\t\t\t\t\t\t\t\t\t\t<\/div>\n\t\t\t\t<\/div>\n\t\t<div class=\"elementor-element elementor-element-36beeb15 e-con-full e-flex e-con e-child\" data-id=\"36beeb15\" data-element_type=\"container\" data-e-type=\"container\">\n\t\t\t\t<div class=\"elementor-element elementor-element-53f1f753 elementor-widget elementor-widget-heading\" data-id=\"53f1f753\" data-element_type=\"widget\" data-e-type=\"widget\" data-widget_type=\"heading.default\">\n\t\t\t\t\t<div class=\"elementor-heading-title elementor-size-default\">Template Notebook<\/div>\t\t\t\t<\/div>\n\t\t\t\t<div class=\"elementor-element elementor-element-403caf54 elementor-widget elementor-widget-heading\" data-id=\"403caf54\" data-element_type=\"widget\" data-e-type=\"widget\" data-widget_type=\"heading.default\">\n\t\t\t\t\t<div class=\"elementor-heading-title elementor-size-default\">T\u00e9l\u00e9chargez gratuitement votre carnet de notes design, id\u00e9al pour toutes vos s\u00e9ances avec vos clients<\/div>\t\t\t\t<\/div>\n\t\t\t\t<\/div>\n\t\t\t\t<\/div>\n\t\t\t\t<\/div>\n\t\t\t\t<div data-elementor-type=\"loop-item\" data-elementor-id=\"9655\" class=\"elementor elementor-9655 e-loop-item e-loop-item-9634 post-9634 free type-free status-publish has-post-thumbnail hentry\" data-elementor-post-type=\"elementor_library\" data-custom-edit-handle=\"1\">\n\t\t\t<div class=\"elementor-element elementor-element-3858d213 e-con-full e-flex e-con e-parent\" data-id=\"3858d213\" data-element_type=\"container\" data-e-type=\"container\">\n\t\t<div class=\"elementor-element elementor-element-b1c437f e-con-full e-flex e-con e-child\" data-id=\"b1c437f\" data-element_type=\"container\" data-e-type=\"container\">\n\t\t\t\t<div class=\"elementor-element elementor-element-470c9944 elementor-widget__width-inherit elementor-widget elementor-widget-image\" data-id=\"470c9944\" data-element_type=\"widget\" data-e-type=\"widget\" data-widget_type=\"image.default\">\n\t\t\t\t\t\t\t\t\t\t\t\t\t\t\t\t<a href=\"https:\/\/hiarchitecturedetail.com\/de\/free\/book-technique\/\">\n\t\t\t\t\t\t\t<img loading=\"lazy\" decoding=\"async\" width=\"724\" height=\"1024\" src=\"https:\/\/hiarchitecturedetail.com\/wp-content\/uploads\/2024\/08\/ebook-gratuit_LR-724x1024.jpg\" class=\"attachment-large size-large wp-image-10824\" alt=\"\" srcset=\"https:\/\/hiarchitecturedetail.com\/wp-content\/uploads\/2024\/08\/ebook-gratuit_LR-724x1024.jpg 724w, https:\/\/hiarchitecturedetail.com\/wp-content\/uploads\/2024\/08\/ebook-gratuit_LR-600x849.jpg 600w, https:\/\/hiarchitecturedetail.com\/wp-content\/uploads\/2024\/08\/ebook-gratuit_LR-212x300.jpg 212w, https:\/\/hiarchitecturedetail.com\/wp-content\/uploads\/2024\/08\/ebook-gratuit_LR-768x1086.jpg 768w, https:\/\/hiarchitecturedetail.com\/wp-content\/uploads\/2024\/08\/ebook-gratuit_LR-1086x1536.jpg 1086w, https:\/\/hiarchitecturedetail.com\/wp-content\/uploads\/2024\/08\/ebook-gratuit_LR-1448x2048.jpg 1448w, https:\/\/hiarchitecturedetail.com\/wp-content\/uploads\/2024\/08\/ebook-gratuit_LR-8x12.webp 8w, https:\/\/hiarchitecturedetail.com\/wp-content\/uploads\/2024\/08\/ebook-gratuit_LR.jpg 1587w\" sizes=\"(max-width: 724px) 100vw, 724px\" \/>\t\t\t\t\t\t\t\t<\/a>\n\t\t\t\t\t\t\t\t\t\t\t\t\t\t\t<\/div>\n\t\t\t\t<\/div>\n\t\t<div class=\"elementor-element elementor-element-36beeb15 e-con-full e-flex e-con e-child\" data-id=\"36beeb15\" data-element_type=\"container\" data-e-type=\"container\">\n\t\t\t\t<div class=\"elementor-element elementor-element-53f1f753 elementor-widget elementor-widget-heading\" data-id=\"53f1f753\" data-element_type=\"widget\" data-e-type=\"widget\" data-widget_type=\"heading.default\">\n\t\t\t\t\t<div class=\"elementor-heading-title elementor-size-default\">Les secrets d&rsquo;architecte d&rsquo;int\u00e9rieur<\/div>\t\t\t\t<\/div>\n\t\t\t\t<div class=\"elementor-element elementor-element-403caf54 elementor-widget elementor-widget-heading\" data-id=\"403caf54\" data-element_type=\"widget\" data-e-type=\"widget\" data-widget_type=\"heading.default\">\n\t\t\t\t\t<div class=\"elementor-heading-title elementor-size-default\">Nos astuces pour une meilleure organisation et des projets qui sortent du lot<\/div>\t\t\t\t<\/div>\n\t\t\t\t<\/div>\n\t\t\t\t<\/div>\n\t\t\t\t<\/div>\n\t\t\t\t<\/div>\n\t\t\n\t\t\t\t\t\t<\/div>\n\t\t\t\t<\/div>\n\t\t\t\t<\/div>\n\t\t\t\t\t<\/div>\n\t\t\t\t<\/div>\n\t\t\t\t<\/div>\n\t\t<script>function getWR360PopupSkin(){return 'light_clean';}<\/script>","protected":false},"excerpt":{"rendered":"<p>Unsere kostenlose Website entstand aus unserer Leidenschaft, jedem Architekten hochwertige Ressourcen und praktische Werkzeuge anzubieten, um seine Kreativit\u00e4t zu f\u00f6rdern und seine berufliche Praxis zu verbessern. Kategorien Baudetails Buch Vorlage Alles<\/p>","protected":false},"author":5,"featured_media":0,"parent":7710,"menu_order":0,"comment_status":"closed","ping_status":"closed","template":"","meta":{"_acf_changed":false,"iawp_total_views":7530,"footnotes":""},"class_list":["post-9636","page","type-page","status-publish","hentry"],"acf":[],"jetpack_sharing_enabled":true,"_links":{"self":[{"href":"https:\/\/hiarchitecturedetail.com\/de\/wp-json\/wp\/v2\/pages\/9636","targetHints":{"allow":["GET"]}}],"collection":[{"href":"https:\/\/hiarchitecturedetail.com\/de\/wp-json\/wp\/v2\/pages"}],"about":[{"href":"https:\/\/hiarchitecturedetail.com\/de\/wp-json\/wp\/v2\/types\/page"}],"author":[{"embeddable":true,"href":"https:\/\/hiarchitecturedetail.com\/de\/wp-json\/wp\/v2\/users\/5"}],"replies":[{"embeddable":true,"href":"https:\/\/hiarchitecturedetail.com\/de\/wp-json\/wp\/v2\/comments?post=9636"}],"version-history":[{"count":10,"href":"https:\/\/hiarchitecturedetail.com\/de\/wp-json\/wp\/v2\/pages\/9636\/revisions"}],"predecessor-version":[{"id":24759,"href":"https:\/\/hiarchitecturedetail.com\/de\/wp-json\/wp\/v2\/pages\/9636\/revisions\/24759"}],"up":[{"embeddable":true,"href":"https:\/\/hiarchitecturedetail.com\/de\/wp-json\/wp\/v2\/pages\/7710"}],"wp:attachment":[{"href":"https:\/\/hiarchitecturedetail.com\/de\/wp-json\/wp\/v2\/media?parent=9636"}],"curies":[{"name":"na klar","href":"https:\/\/api.w.org\/{rel}","templated":true}]}}