{"id":10378,"date":"2024-08-18T12:28:18","date_gmt":"2024-08-18T10:28:18","guid":{"rendered":"https:\/\/hi-render.ch\/?post_type=product&#038;p=10378"},"modified":"2025-02-01T10:23:56","modified_gmt":"2025-02-01T09:23:56","slug":"layout-template","status":"publish","type":"product","link":"https:\/\/hiarchitecturedetail.com\/de\/produit\/template-mise-en-page\/","title":{"rendered":"Layout-Template"},"content":{"rendered":"<h5 style=\"padding-left: 40px;\">Eine komplette Schablone f\u00fcr deine Projekte, du findest :<\/h5>\n<ul>\n<li>Titel<\/li>\n<li>Layout f\u00fcr deine Pl\u00e4ne mit den notwendigen Legenden f\u00fcr Materialien, Anmerkungen zu Schnitten, Grundriss und 3D, elektrische Legenden<\/li>\n<li>Layout f\u00fcr 3D-Bilder oder Skizzen<\/li>\n<li>Layout f\u00fcr Materialien, Sanit\u00e4rausstattung, Griffe,...<\/li>\n<li>Layout f\u00fcr Elektroger\u00e4te, M\u00f6bel, ...<\/li>\n<li>Layout f\u00fcr Moodboards<\/li>\n<li>Layout von Texten zur Vorstellung deines Konzepts, deiner Philosophie und der Pr\u00e4sentation deines B\u00fcros<\/li>\n<\/ul>\n<p>Formate: PDF, DWG, Archicad und Canva<\/p>\n<p>Alle Dokumente sind auf Franz\u00f6sisch und Englisch.<\/p>\n<script>function getWR360PopupSkin(){return 'light_clean';}<\/script>","protected":false},"excerpt":{"rendered":"<p>Un template complet pour vos projets, vous trouverez : Titre Mise en page pour vos plans avec les l\u00e9gendes n\u00e9cessaires pour les mat\u00e9riaux, annotations sur les coupes, plan et 3D, l\u00e9gendes \u00e9lectriques Mise en page pour les images 3D ou croquis Mise en page pour les mat\u00e9riaux, \u00e9quipement sanitaire, poign\u00e9es,&#8230; Mise en page pour les [&hellip;]<\/p>\n","protected":false},"featured_media":10413,"comment_status":"open","ping_status":"closed","template":"","meta":{"_acf_changed":false,"iawp_total_views":9977},"product_brand":[],"product_cat":[44],"product_tag":[],"class_list":{"0":"post-10378","1":"product","2":"type-product","3":"status-publish","4":"has-post-thumbnail","6":"product_cat-template","8":"first","9":"instock","10":"downloadable","11":"virtual","12":"purchasable","13":"product-type-simple"},"acf":[],"jetpack_sharing_enabled":true,"_links":{"self":[{"href":"https:\/\/hiarchitecturedetail.com\/de\/wp-json\/wp\/v2\/product\/10378","targetHints":{"allow":["GET"]}}],"collection":[{"href":"https:\/\/hiarchitecturedetail.com\/de\/wp-json\/wp\/v2\/product"}],"about":[{"href":"https:\/\/hiarchitecturedetail.com\/de\/wp-json\/wp\/v2\/types\/product"}],"replies":[{"embeddable":true,"href":"https:\/\/hiarchitecturedetail.com\/de\/wp-json\/wp\/v2\/comments?post=10378"}],"wp:featuredmedia":[{"embeddable":true,"href":"https:\/\/hiarchitecturedetail.com\/de\/wp-json\/wp\/v2\/media\/10413"}],"wp:attachment":[{"href":"https:\/\/hiarchitecturedetail.com\/de\/wp-json\/wp\/v2\/media?parent=10378"}],"wp:term":[{"taxonomy":"product_brand","embeddable":true,"href":"https:\/\/hiarchitecturedetail.com\/de\/wp-json\/wp\/v2\/product_brand?post=10378"},{"taxonomy":"product_cat","embeddable":true,"href":"https:\/\/hiarchitecturedetail.com\/de\/wp-json\/wp\/v2\/product_cat?post=10378"},{"taxonomy":"product_tag","embeddable":true,"href":"https:\/\/hiarchitecturedetail.com\/de\/wp-json\/wp\/v2\/product_tag?post=10378"}],"curies":[{"name":"na klar","href":"https:\/\/api.w.org\/{rel}","templated":true}]}}