{"id":12086,"date":"2024-09-30T13:12:08","date_gmt":"2024-09-30T11:12:08","guid":{"rendered":"https:\/\/hi-render.ch\/?post_type=product&#038;p=12086"},"modified":"2025-02-04T08:56:12","modified_gmt":"2025-02-04T07:56:12","slug":"heft-n1-alles-uber-badezimmerbeleuchtung","status":"publish","type":"product","link":"https:\/\/hiarchitecturedetail.com\/de\/produit\/cahier-n1-tout-savoir-sur-leclairage-des-salles-de-bain\/","title":{"rendered":"Heft Nr. 1 Alles \u00fcber Badezimmerbeleuchtung"},"content":{"rendered":"<p><strong>Die Beleuchtung des Badezimmers<\/strong> ist von entscheidender Bedeutung, nicht nur aus \u00e4sthetischen Gr\u00fcnden, sondern auch f\u00fcr die Sicherheit und den Komfort. Dieser Abschnitt des <strong>book f\u00fchrt dich durch die Installationsstandards<\/strong>Die verschiedenen <strong>ideale Lichtst\u00e4rken und -farben<\/strong> nach Bereichen und pr\u00e4sentiert dir eine inspirierende Auswahl an Leuchten, die zu jedem Bereich deines Badezimmers passen.<\/p>\n<h4><strong>1. Normen und Vorschriften f\u00fcr die Installation von Badezimmerbeleuchtungen :<\/strong><\/h4>\n<p>Hier erf\u00e4hrst du die wichtigsten Richtlinien f\u00fcr eine sichere Installation, die den geltenden Vorschriften entspricht. Dieser Teil behandelt die elektrischen Sicherheitszonen, die f\u00fcr jede Zone erforderlichen Schutzstufen (IP) und die empfohlenen Installationsh\u00f6hen.<\/p>\n<h4><strong>2. Lichtintensit\u00e4t und -farbe pro Zone :<\/strong><\/h4>\n<p>Lerne, wie du die Intensit\u00e4t und Farbtemperatur des Lichts f\u00fcr die verschiedenen Bereiche deines Badezimmers ausw\u00e4hlen kannst. Ob Allgemeinbeleuchtung, Spiegel oder Dusche - jeder Bereich erfordert besondere Aufmerksamkeit, um eine angemessene und funktionale Atmosph\u00e4re zu schaffen.<\/p>\n<h4><strong>3. Beleuchtungsarten und Auswahl von Leuchten :<\/strong><\/h4>\n<p>Erkunde die verschiedenen Beleuchtungsarten wie Umgebungslicht, fokussiertes Licht oder dekorative Beleuchtung und entdecke unsere Lieblingsleuchten f\u00fcr das Badezimmer. Jede Leuchte wird mit ihren technischen Daten vorgestellt.<\/p>\n<h4><strong>4. Die wichtigsten Informationen \u00fcber den Bau von Badezimmerbeleuchtungen, um deine Projekte zu inspirieren:<\/strong><\/h4>\n<p>Dieser Abschnitt enth\u00e4lt 12 Beispiele f\u00fcr innovative Beleuchtung und ihre Konstruktionsdetails, um deine Kreativit\u00e4t anzuregen und sie in deinen Projekten wiederzuverwenden. Inklusive Zeichnungen in den Formaten Archicad und DWG.<\/p>\n<h4><strong>5. Originalreferenzen f\u00fcr Badezimmerbeleuchtung :<\/strong><\/h4>\n<p>Schlie\u00dfe mit einer Erkundung einzigartiger und avantgardistischer Designs ab, die \u00fcber die traditionellen Trends der Badezimmerbeleuchtung hinausgehen. Diese Referenzen sollen inspirieren und deinen Entw\u00fcrfen einen Hauch von Originalit\u00e4t verleihen.<\/p>\n<script>function getWR360PopupSkin(){return 'light_clean';}<\/script>","protected":false},"excerpt":{"rendered":"<p>L&rsquo;\u00e9clairage de la salle de bain est crucial, non seulement pour des raisons esth\u00e9tiques mais aussi pour la s\u00e9curit\u00e9 et le confort. Cette section du book vous guide \u00e0 travers les normes d&rsquo;installation, les diff\u00e9rentes intensit\u00e9s et couleurs de lumi\u00e8re id\u00e9ales par zone, et vous pr\u00e9sente une s\u00e9lection inspirante de luminaires adapt\u00e9s \u00e0 chaque espace [&hellip;]<\/p>\n","protected":false},"featured_media":12088,"comment_status":"open","ping_status":"closed","template":"","meta":{"_acf_changed":false,"iawp_total_views":519},"product_brand":[],"product_cat":[40],"product_tag":[],"class_list":{"0":"post-12086","1":"product","2":"type-product","3":"status-publish","4":"has-post-thumbnail","6":"product_cat-book","8":"first","9":"instock","10":"sale","11":"downloadable","12":"virtual","13":"purchasable","14":"product-type-simple"},"acf":[],"jetpack_sharing_enabled":true,"_links":{"self":[{"href":"https:\/\/hiarchitecturedetail.com\/de\/wp-json\/wp\/v2\/product\/12086","targetHints":{"allow":["GET"]}}],"collection":[{"href":"https:\/\/hiarchitecturedetail.com\/de\/wp-json\/wp\/v2\/product"}],"about":[{"href":"https:\/\/hiarchitecturedetail.com\/de\/wp-json\/wp\/v2\/types\/product"}],"replies":[{"embeddable":true,"href":"https:\/\/hiarchitecturedetail.com\/de\/wp-json\/wp\/v2\/comments?post=12086"}],"wp:featuredmedia":[{"embeddable":true,"href":"https:\/\/hiarchitecturedetail.com\/de\/wp-json\/wp\/v2\/media\/12088"}],"wp:attachment":[{"href":"https:\/\/hiarchitecturedetail.com\/de\/wp-json\/wp\/v2\/media?parent=12086"}],"wp:term":[{"taxonomy":"product_brand","embeddable":true,"href":"https:\/\/hiarchitecturedetail.com\/de\/wp-json\/wp\/v2\/product_brand?post=12086"},{"taxonomy":"product_cat","embeddable":true,"href":"https:\/\/hiarchitecturedetail.com\/de\/wp-json\/wp\/v2\/product_cat?post=12086"},{"taxonomy":"product_tag","embeddable":true,"href":"https:\/\/hiarchitecturedetail.com\/de\/wp-json\/wp\/v2\/product_tag?post=12086"}],"curies":[{"name":"na klar","href":"https:\/\/api.w.org\/{rel}","templated":true}]}}