{"id":14054,"date":"2026-02-04T13:26:31","date_gmt":"2026-02-04T12:26:31","guid":{"rendered":"https:\/\/hi-render.ch\/?post_type=product&#038;p=14054"},"modified":"2026-04-24T22:39:38","modified_gmt":"2026-04-24T20:39:38","slug":"ebook-tischlerei-dateien-cad","status":"publish","type":"product","link":"https:\/\/hiarchitecturedetail.com\/de\/produit\/ebook-menuiserie-fichiers-cad\/","title":{"rendered":"eBook Tischlerei + CAD-Dateien"},"content":{"rendered":"<h2>Ein umfassender Leitfaden zum Thema Tischlerei :<\/h2>\n<p class=\"\" data-start=\"226\" data-end=\"341\">Ein umfassender Leitfaden f\u00fcr das Entwerfen, Zeichnen und Detaillieren deiner ma\u00dfgefertigten Tischlerarbeiten mit Klarheit, Pr\u00e4zision... und Stil.<\/p>\n<p class=\"translation-block\" data-start=\"343\" data-end=\"631\">Dieser f\u00fcr Innenarchitekten und Design-Profis konzipierte Leitfaden enth\u00e4lt <strong data-start=\"433\" data-end=\"485\">alles, was wir gerne in unseren Anf\u00e4ngen gehabt h\u00e4tten<\/strong>: zuverl\u00e4ssige Rippen, gebrauchsfertige Details und konkrete Referenzen, um deine Kreativit\u00e4t zu f\u00f6rdern und gleichzeitig deine Projekte abzusichern.<\/p>\n<h3 class=\"\" data-start=\"638\" data-end=\"681\">Was du in diesem ebook findest :<\/h3>\n<ul>\n<li data-start=\"683\" data-end=\"1918\" class=\"translation-block\"><strong data-start=\"686\" data-end=\"707\">Musterma\u00dfe<\/strong> und Standardma\u00dfe, die du kennen solltest, um passende Tischlerarbeiten zu entwerfen (Ma\u00dfe f\u00fcr Kleidung, Schuhe, Schr\u00e4nke, Kopfteile von Betten, Regale, Sitzb\u00e4nke, ... (PDF, DWG, Archicad).<\/li>\n<li data-start=\"683\" data-end=\"1918\" class=\"translation-block\"><strong data-start=\"811\" data-end=\"836\">Bildbl\u00e4tter<\/strong> mit <strong>technischen Details<\/strong> zu <strong>Bettkopfteilen, Sitzb\u00e4nken, begehbaren Kleiderschr\u00e4nken, Griffen, Wandvert\u00e4felungen, B\u00fccherregalen und Aufbewahrungseinrichtungen<\/strong>. (PDF, DWG, Archicad).<\/li>\n<li data-start=\"683\" data-end=\"1918\" class=\"translation-block\"><strong data-start=\"945\" data-end=\"982\">Skizzen und technische Details<\/strong> f\u00fcr jede Schrank- und Ankleidetypologie, zusammen mit Designtipps und Aufrisszeichnungen.<\/li>\n<li data-start=\"683\" data-end=\"1918\" class=\"translation-block\"><strong data-start=\"1072\" data-end=\"1104\">Ein Kapitel \u00fcber Griffe<\/strong>: Details von eingebauten, versenkten oder in Holz geschnitzten Griffen, mit DWG- und Archicad-Zeichnungen, erkl\u00e4rt im ebook als PDF.<\/li>\n<li data-start=\"683\" data-end=\"1918\" class=\"translation-block\"><strong data-start=\"1222\" data-end=\"1255\">Ein Leitfaden zu Holzarten<\/strong>: Materialien, Plattenkerne, ihre Verwendung, Oberfl\u00e4chenbehandlungen und Kombinationen verstehen.<\/li>\n<li data-start=\"683\" data-end=\"1918\" class=\"translation-block\"><strong data-start=\"1342\" data-end=\"1380\">Ideen f\u00fcr ma\u00dfgeschneiderte Sitzb\u00e4nke<\/strong> mit den richtigen H\u00f6hen, Tiefen und eingebauten Aufbewahrungsoptionen (PDF, DWG, Archicad)<\/li>\n<li data-start=\"683\" data-end=\"1918\" class=\"translation-block\"><strong data-start=\"1459\" data-end=\"1498\">Tricks zur Raumoptimierung<\/strong>: Ausziehbare S\u00e4ulen, intelligente Schubladen, Integration unter der Schr\u00e4ge...<\/li>\n<li data-start=\"683\" data-end=\"1918\" class=\"translation-block\"><strong data-start=\"1575\" data-end=\"1622\">Beispiele f\u00fcr High-End-Bibliotheken<\/strong>, einschlie\u00dflich \u201cFency\u201d-Details: Metallkanten, abgeschr\u00e4gte Rahmen, eingebaute Lichter (PDF, DWG, Archicad).<\/li>\n<li data-start=\"683\" data-end=\"1918\" class=\"translation-block\"><strong data-start=\"1720\" data-end=\"1750\">Inspirationsbretter<\/strong> und kommentierte Referenzen von realen Projekten.<\/li>\n<li data-start=\"683\" data-end=\"1918\" class=\"translation-block\"><strong data-start=\"1802\" data-end=\"1840\">Ein Fokus auf die Wandvert\u00e4felungen<\/strong>: Proportionen, Stile, Rhythmus der Paneele, <strong>Integration von unsichtbaren T\u00fcren<\/strong>.<\/li>\n<li data-start=\"683\" data-end=\"1918\" class=\"translation-block\"><strong>Unsere Lieblingsanbieter<\/strong><\/li>\n<\/ul>\n<p>&nbsp;<\/p>\n<h2 data-start=\"1925\" data-end=\"1960\">Format &amp; enthaltene Dateien :<\/h2>\n<ul data-start=\"1961\" data-end=\"2101\">\n<li class=\"\" data-start=\"1961\" data-end=\"2017\">\n<p class=\"translation-block\" data-start=\"1963\" data-end=\"2017\">Ebook in der Version <strong data-start=\"1980\" data-end=\"2015\">PDF only (not printable)<\/strong>.<\/p>\n<\/li>\n<li class=\"\" data-start=\"2018\" data-end=\"2101\">\n<p class=\"translation-block\" data-start=\"2020\" data-end=\"2101\"><strong data-start=\"2029\" data-end=\"2036\">DWG<\/strong> und <strong data-start=\"2040\" data-end=\"2055\">Archicad 26<\/strong>-Dateien f\u00fcr technische Details und 2D-Zeichnungen<\/p>\n<\/li>\n<\/ul>\n<p class=\"\" data-start=\"2108\" data-end=\"2241\"><strong data-start=\"2108\" data-end=\"2241\">Ein Werkzeug, mit dem du Zeit sparen, besser mit deinen Handwerkern kommunizieren und deine Projekte mit pr\u00e4zisen und koh\u00e4renten Details bereichern kannst.<\/strong><\/p>\n<p class=\"\" data-start=\"2243\" data-end=\"2370\">Dieser Leitfaden ist mehr als nur ein Hilfsmittel: Er ist ein Methodenbeschleuniger und eine Inspirationsquelle f\u00fcr deine n\u00e4chsten Tischlerarbeiten.<\/p>\n<h5 style=\"padding-left: 40px;\"><em style=\"font-size: 16px;\">Das ebook wird nur als PDF-Version geliefert kein Ausdruck - Ma\u00dfsystem: Metrisch (Meter, Zentimeter, Millimeter)<br \/>\n<\/em><\/h5>\n<script>function getWR360PopupSkin(){return 'light_clean';}<\/script>","protected":false},"excerpt":{"rendered":"<p>Alles, was du wissen musst, um ein Badezimmer zu planen, zu entwerfen und zu bauen<\/p>\n<h3>Was du bekommst:<\/h3>\n<p>&nbsp;<\/p>\n<p>&nbsp;<\/p>\n<p>&nbsp;<\/p>\n<h2>Revit Vorlagendatei (Revit 2019 oder neuer) Metrisch &amp; Imperial<\/h2>\n<ul>\n<li>Das beinhaltet auch ein umfassendes allgemeines Notizblatt mit Projektinformationen, Symbollegende, Abk\u00fcrzungen, Zeichenlisten und das alles in 4 verschiedenen Ma\u00dfst\u00e4ben und mehr.<\/li>\n<li>Bema\u00dfungsstile in 5 verschiedenen Ma\u00dfst\u00e4ben, horizontal und vertikal.<\/li>\n<li>Schnitt- und Ansichtsmarkierungen in 4 verschiedenen Ma\u00dfstabsstilen. Automatische Zonenmarkierungen mit Fl\u00e4chen- und Ausf\u00fchrungsarten in 4 verschiedenen Ma\u00dfstabsgr\u00f6\u00dfen.<\/li>\n<li>Ebene, Abschnitt, H\u00f6henmarkierungen und Nordpunkte f\u00fcr alle Ma\u00dfstabsgr\u00f6\u00dfen. Dynamische Ma\u00dfstabsbalken f\u00fcr die Layoutb\u00f6gen.<\/li>\n<li>Dynamische Nordpfeile f\u00fcr die Layoutb\u00f6gen.<\/li>\n<li>Text-Annotation-Stile f\u00fcr alle Gr\u00f6\u00dfen. (Metrisch oder Imperial)<\/li>\n<li>Musterprojekt: kleine Beispiel-Grundriss, Linienanordnung.<\/li>\n<li>Elektroprojekt-Vorlage: Kleine Beispielgrundrisse, Modellkomponenten, Styling, Linientypen und Notizen, 30 elektrische + Beleuchtungskomponenten: Steckdosen, Einbauleuchten, Aufputzleuchten, Ventilatoren, Rauchmelder, Schalttafeln + mehr.<\/li>\n<li>Legende f\u00fcr elektrische Symbole, allgemeine Hinweise und eine vorgefertigte Leuchtenliste. Vorlage f\u00fcr den Elektroplan und die Deckenh\u00f6henansicht.<\/li>\n<\/ul>\n<h2>2.\u00a0Farbtafel f\u00fcr alle Ma\u00dfst\u00e4be (.ctb):<\/h2>\n<ul>\n<li>Mit voreingestellten Stifteinstellungen, Breiten und Farben nach Ebenen bereit f\u00fcr die Installation und den Druck. Halten Sie Ihre Pl\u00e4ne sauber und klar und immer im gleichen minimalistischen Stil.<\/li>\n<\/ul>\n<h2>3. Layoutb\u00f6gen zum Bearbeiten und Ausdrucken bereit:<\/h2>\n<ul>\n<li>Vorgefertigte, minimalistische Schriftkopf-Familien (Title Blocks) enthalten jeweils drei der g\u00e4ngigsten metrischen Gr\u00f6\u00dfen. Dazu passende Deckbl\u00e4tter in vier Gr\u00f6\u00dfen. F\u00fcge einfach dein Logo + Branding hinzu und diese einfachen, klaren Layouts sind fertig zum Plotten.<\/li>\n<\/ul>\n<h2>4. Kaiserliche Titelbl\u00f6cke (Querformat):<\/h2>\n<ul>\n<li>Arch D (914 x 610 mm) Arch D Deckblatt Arch C (610 x 457 mm) Tabloid (432 x 279 mm)<\/li>\n<\/ul>\n<h2>5. Metrische Titelbl\u00f6cke (Querformat):<\/h2>\n<ul>\n<li>A1 (841mm x 594 mm) A1 Deckblatt A2 (594mm x 420mm) A3 (420mm x 297mm)<\/li>\n<\/ul>\n<h2>6. E-Book-Ratgeber (PDF):<\/h2>\n<p>Anleitung zur Installation &amp; zum Styling: Ein kompletter Leitfaden, der Schritt f\u00fcr Schritt erkl\u00e4rt, wie du deine neue komplette Revit-Vorlage verwendest, mit Tipps und Tricks, die dir helfen, keine Zeit mehr zu verschwenden!<\/p>","protected":false},"featured_media":26506,"comment_status":"open","ping_status":"closed","template":"","meta":{"_acf_changed":false,"iawp_total_views":95921},"product_brand":[],"product_cat":[40],"product_tag":[],"class_list":{"0":"post-14054","1":"product","2":"type-product","3":"status-publish","4":"has-post-thumbnail","6":"product_cat-book","8":"first","9":"instock","10":"sale","11":"downloadable","12":"virtual","13":"sold-individually","14":"purchasable","15":"product-type-simple"},"acf":[],"jetpack_sharing_enabled":true,"_links":{"self":[{"href":"https:\/\/hiarchitecturedetail.com\/de\/wp-json\/wp\/v2\/product\/14054","targetHints":{"allow":["GET"]}}],"collection":[{"href":"https:\/\/hiarchitecturedetail.com\/de\/wp-json\/wp\/v2\/product"}],"about":[{"href":"https:\/\/hiarchitecturedetail.com\/de\/wp-json\/wp\/v2\/types\/product"}],"replies":[{"embeddable":true,"href":"https:\/\/hiarchitecturedetail.com\/de\/wp-json\/wp\/v2\/comments?post=14054"}],"wp:featuredmedia":[{"embeddable":true,"href":"https:\/\/hiarchitecturedetail.com\/de\/wp-json\/wp\/v2\/media\/26506"}],"wp:attachment":[{"href":"https:\/\/hiarchitecturedetail.com\/de\/wp-json\/wp\/v2\/media?parent=14054"}],"wp:term":[{"taxonomy":"product_brand","embeddable":true,"href":"https:\/\/hiarchitecturedetail.com\/de\/wp-json\/wp\/v2\/product_brand?post=14054"},{"taxonomy":"product_cat","embeddable":true,"href":"https:\/\/hiarchitecturedetail.com\/de\/wp-json\/wp\/v2\/product_cat?post=14054"},{"taxonomy":"product_tag","embeddable":true,"href":"https:\/\/hiarchitecturedetail.com\/de\/wp-json\/wp\/v2\/product_tag?post=14054"}],"curies":[{"name":"na klar","href":"https:\/\/api.w.org\/{rel}","templated":true}]}}