{"id":16737,"date":"2025-08-28T11:02:41","date_gmt":"2025-08-28T09:02:41","guid":{"rendered":"https:\/\/hiarchitecturedetail.com\/?post_type=product&#038;p=16737"},"modified":"2026-04-24T13:38:32","modified_gmt":"2026-04-24T11:38:32","slug":"starterpaket-kunde","status":"publish","type":"product","link":"https:\/\/hiarchitecturedetail.com\/de\/produit\/starter-pack-client\/","title":{"rendered":"Das Kunde-Erlebnis-Paket"},"content":{"rendered":"<p class=\"p1\"><b>Biete deinen Kunden ein Erlebnis, das ihren Projekten gerecht wird.<\/b><b><\/b><\/p>\n<p class=\"p1\"><b>Das Kunde-Erlebnis-Paket<\/b> ist ein modulares System, das speziell f\u00fcr Innenarchitekten entwickelt wurde, die ihre Kundenbeziehung vom ersten Kontakt an professionalisieren m\u00f6chten.<\/p>\n<p class=\"p1\">Dieses Set besteht aus 5 anpassbaren und zweisprachigen (FR\/EN) Dokumenten und begleitet dich bei jedem wichtigen Schritt eurer Zusammenarbeit \u2013 vom ersten Kontakt bis zur Schl\u00fcssel\u00fcbergabe.<\/p>\n<p class=\"p1\"><b>Was im Kit enthalten ist:<\/b><b><\/b><\/p>\n<p class=\"p1\">1. Architekten-Guide \u2013 Deine Komplettanleitung. Sie f\u00fchrt dich Schritt f\u00fcr Schritt durch die Nutzung des Kits und hilft dir, jedes Dokument zum richtigen Zeitpunkt im Kundenprozess zu integrieren.<\/p>\n<p class=\"p1\">2. Kunden-Onboarding \u2014 Das Dokument, das deine Kunden als Erstes erhalten. Es stellt dein Studio, deine Arbeitsweise und die Projektschritte vor und schafft einen klaren und beruhigenden Rahmen f\u00fcr die Zusammenarbeit.<\/p>\n<p class=\"p1\">3. Kundenfragebogen \u2014 Ein detaillierter Fragebogen, um den Lebensstil, die Vorlieben und Erwartungen Ihrer Kunden zu verstehen, noch bevor der erste Planungstermin stattfindet.<\/p>\n<p class=\"p1\">4. Fragebogen pro Raum \u2013 St\u00fcck f\u00fcr St\u00fcck erfasst dieses Dokument die funktionalen und \u00e4sthetischen Bed\u00fcrfnisse f\u00fcr jeden zu gestaltenden Raum.<\/p>\n<p class=\"p1\">5. Design-Lexikon \u2013 Ein illustriertes Glossar mit Begriffen aus Innenarchitektur und Design, damit deine Kunden deinen Jargon verstehen und voll und ganz mitreden k\u00f6nnen.<\/p>\n<p class=\"p1\"><b>Und im Guide ist auch enthalten:<\/b><b><\/b><\/p>\n<p class=\"p1\">Fertige Muster-E-Mails \u2013 Vorlagen f\u00fcr Nachrichten, die du deinen Kunden bei jedem wichtigen Schritt senden kannst (Erstkontakt, Fragebogenversand, Best\u00e4tigung, Nachfassaktion...). Du musst sie nur noch personalisieren und abschicken.<\/p>\n<p class=\"p1\">Strategie &amp; Positionierung \u2014 Das Kit hilft dir, deine ideale Kunden-Persona zu definieren, deine Positionierung zu kl\u00e4ren und eine koh\u00e4rente Kommunikation \u00fcber jeden Kanal (Website, soziale Medien, ...) aufzubauen.<\/p>\n<p class=\"p1\"><b>Warum dieses Set annehmen?<\/b><b><\/b><\/p>\n<p class=\"p1\">Spart Zeit: Ein strukturierter Onboarding-Prozess, der Hin- und Herlauferei reduziert.<\/p>\n<p class=\"p1\">\u2192 Vertraue uns: Deine Kunden f\u00fchlen sich von Anfang an gut aufgehoben und betreut.<\/p>\n<p class=\"p1\">Bring deine Marke weiter: Ordentliche Unterlagen, die die Qualit\u00e4t deiner Arbeit widerspiegeln.<\/p>\n<p class=\"p1\">Anpassbar: Farben, Texte und Bilder an deine Markenidentit\u00e4t anpassen.<\/p>\n<p class=\"p1\">Hier sind ein paar Optionen, je nachdem, was genau gemeint ist und wie informell es sein soll:\n\n*   **Franz\u00f6sisch\/Englisch-Kenntnisse:** Passt super f\u00fcr internationale Kunden.\n*   **Bilingue Franz\u00f6sisch\/Englisch:** Super f\u00fcr Kunden aus aller Welt.\n*   **Kann Franz\u00f6sisch und Englisch:** Perfekt f\u00fcr internationale Kunden.<\/p>\n<p class=\"p2\"><b>Dein Ziel:<\/b><\/p>\n<p class=\"p1\">Damit dein Kunde genau wei\u00df, wohin die Reise geht...<br \/>\nUnd warum <b>Er hat gut daran getan, dich auszuw\u00e4hlen<\/b>.<\/p>\n<script>function getWR360PopupSkin(){return 'light_clean';}<\/script>","protected":false},"excerpt":{"rendered":"<p>Offrez \u00e0 vos clients une exp\u00e9rience \u00e0 la hauteur de vos projets. Le Client Experience Kit est un syst\u00e8me modulaire con\u00e7u sp\u00e9cialement pour les architectes d&rsquo;int\u00e9rieur qui souhaitent professionnaliser leur relation client d\u00e8s le premier contact. Compos\u00e9 de 5 documents personnalisables et bilingues (FR\/EN), ce kit vous accompagne \u00e0 chaque \u00e9tape cl\u00e9 de votre collaboration [&hellip;]<\/p>\n","protected":false},"featured_media":26322,"comment_status":"open","ping_status":"closed","template":"","meta":{"_acf_changed":false,"iawp_total_views":1167},"product_brand":[],"product_cat":[44],"product_tag":[],"class_list":{"0":"post-16737","1":"product","2":"type-product","3":"status-publish","4":"has-post-thumbnail","6":"product_cat-template","8":"first","9":"instock","10":"downloadable","11":"virtual","12":"purchasable","13":"product-type-simple"},"acf":[],"jetpack_sharing_enabled":true,"_links":{"self":[{"href":"https:\/\/hiarchitecturedetail.com\/de\/wp-json\/wp\/v2\/product\/16737","targetHints":{"allow":["GET"]}}],"collection":[{"href":"https:\/\/hiarchitecturedetail.com\/de\/wp-json\/wp\/v2\/product"}],"about":[{"href":"https:\/\/hiarchitecturedetail.com\/de\/wp-json\/wp\/v2\/types\/product"}],"replies":[{"embeddable":true,"href":"https:\/\/hiarchitecturedetail.com\/de\/wp-json\/wp\/v2\/comments?post=16737"}],"wp:featuredmedia":[{"embeddable":true,"href":"https:\/\/hiarchitecturedetail.com\/de\/wp-json\/wp\/v2\/media\/26322"}],"wp:attachment":[{"href":"https:\/\/hiarchitecturedetail.com\/de\/wp-json\/wp\/v2\/media?parent=16737"}],"wp:term":[{"taxonomy":"product_brand","embeddable":true,"href":"https:\/\/hiarchitecturedetail.com\/de\/wp-json\/wp\/v2\/product_brand?post=16737"},{"taxonomy":"product_cat","embeddable":true,"href":"https:\/\/hiarchitecturedetail.com\/de\/wp-json\/wp\/v2\/product_cat?post=16737"},{"taxonomy":"product_tag","embeddable":true,"href":"https:\/\/hiarchitecturedetail.com\/de\/wp-json\/wp\/v2\/product_tag?post=16737"}],"curies":[{"name":"na klar","href":"https:\/\/api.w.org\/{rel}","templated":true}]}}