{"id":23249,"date":"2026-02-01T06:56:55","date_gmt":"2026-02-01T05:56:55","guid":{"rendered":"https:\/\/hiarchitecturedetail.com\/?post_type=product&#038;p=23249"},"modified":"2026-04-24T14:12:47","modified_gmt":"2026-04-24T12:12:47","slug":"das-komplette-technikpaket","status":"publish","type":"product","link":"https:\/\/hiarchitecturedetail.com\/de\/produit\/le-pack-technique-complet\/","title":{"rendered":"Das Technik-Komplettpaket"},"content":{"rendered":"<h2>Interior Technical Essentials<\/h2>\n<h3>Die unentbehrliche technische Bibliothek, um komplette Projekte zu entwerfen, ohne bei Null anfangen zu m\u00fcssen.<\/h3>\n<p>Dieses Bundle enth\u00e4lt <strong>unsere 3 wichtigsten technischen eBooks<\/strong> - Badezimmer, K\u00fcche und Tischlerei - damit du deine Wohnprojekte methodisch, konsequent und genau entwerfen, detaillieren und koordinieren kannst.<\/p>\n<p>Gedacht f\u00fcr die <strong>Architekten und Innenarchitekten<\/strong>, Wenn du dich f\u00fcr ein Projekt interessierst, bietet es dir eine solide und sofort umsetzbare technische Grundlage, vom Konzept bis zur Ausf\u00fchrung.<\/p>\n<h2>Was das Bundle enth\u00e4lt<\/h2>\n<h3>eBook Badezimmer<\/h3>\n<ul>\n<li>Gebrauchsfertige technische Details<\/li>\n<li>Inklusive CAD-Dateien (DWG + Archicad)<\/li>\n<li>Schl\u00fcsselpunkte f\u00fcr Design, Standort und Ausf\u00fchrung<\/li>\n<li>Bew\u00e4hrte L\u00f6sungen zur Vermeidung h\u00e4ufiger Fehler auf der Baustelle<\/li>\n<\/ul>\n<h3>eBook Kochen<\/h3>\n<ul>\n<li>Organisation von Volumen und Nutzung<\/li>\n<li>Technische Details zu K\u00fcchen nach Ma\u00df<\/li>\n<li>Inklusive CAD-Dateien (DWG + Archicad)<\/li>\n<li>Klare Methode zur Planung funktionaler und realistischer K\u00fcchen<\/li>\n<\/ul>\n<h3>eBook Tischlerei<\/h3>\n<ul>\n<li>Bibliothek mit technischen Details (Schr\u00e4nke, Kopfteile, B\u00fccherregale, begehbare Kleiderschr\u00e4nke...)<\/li>\n<li>Baugruppenlogik, Ausrichtungen, Spiele und Toleranzen<\/li>\n<li>Inklusive CAD-Dateien (DWG + Archicad)<\/li>\n<li>Eine solide Grundlage f\u00fcr alle deine ma\u00dfgefertigten Tischlerarbeiten<\/li>\n<\/ul>\n<h2>\u00a0Warum dieses Bundle anders ist<\/h2>\n<ul>\n<li>Du f\u00e4ngst nie wieder mit einem leeren Blatt an<\/li>\n<li>Du sparst viel Zeit beim Zeichnen.<\/li>\n<li>Deine Projekte gewinnen an technischer Koh\u00e4renz<\/li>\n<li>Du standardisierst deine Arbeitsweise, ohne die Kreativit\u00e4t zu z\u00fcgeln<\/li>\n<\/ul>\n<p>Es ist keine Anh\u00e4ufung von Inhalten, sondern eine <strong>echte technische Bibliothek<\/strong> die du wiederverwenden, anpassen und nach deinen Projekten weiterentwickeln kannst.<\/p>\n<h2>An wen richtet sich dieses Bundle?<\/h2>\n<ul>\n<li>Architekten und Innenarchitekten<\/li>\n<li>Studios in der Strukturierung oder im Wachstum<\/li>\n<li>Profis, die schneller und gr\u00fcndlicher produzieren wollen<\/li>\n<li>Diejenigen, die ihre technischen Projekte sichern wollen, ohne alles neu zu gestalten.<\/li>\n<\/ul>\n<p>&nbsp;<\/p>\n<p><!-- notionvc: 909a6ea5-5369-42fe-8710-0b4008c67364 --><\/p>\n<p><em>Alle Dokumente sind auf Englisch und Franz\u00f6sisch in metrischem System (imperiales System f\u00fcr das Sanit\u00e4r-Ebook und das K\u00fcchen-Ebook inklusive).<\/em><\/p>\n<h3 class=\"\" data-start=\"1925\" data-end=\"1960\">. Format &amp; enthaltene Dateien :<\/h3>\n<ul data-start=\"1961\" data-end=\"2101\">\n<li class=\"\" data-start=\"1961\" data-end=\"2017\">\n<p class=\"translation-block\" data-start=\"1963\" data-end=\"2017\">Ebook in der Version <strong data-start=\"1980\" data-end=\"2015\">PDF only (not printable)<\/strong>.<\/p>\n<\/li>\n<li class=\"\" data-start=\"2018\" data-end=\"2101\">\n<p class=\"translation-block\" data-start=\"2020\" data-end=\"2101\"><strong data-start=\"2029\" data-end=\"2036\">DWG<\/strong> und <strong data-start=\"2040\" data-end=\"2055\">Archicad 26<\/strong>-Dateien f\u00fcr technische Details und 2D-Zeichnungen<\/p>\n<\/li>\n<\/ul>\n<p class=\"\" data-start=\"2108\" data-end=\"2241\"><strong data-start=\"2108\" data-end=\"2241\">Ein Werkzeug, mit dem du Zeit sparen, besser mit deinen Handwerkern kommunizieren und deine Projekte mit pr\u00e4zisen und koh\u00e4renten Details bereichern kannst.<\/strong><\/p>\n<p class=\"\" data-start=\"2243\" data-end=\"2370\">Dieser Leitfaden ist mehr als nur ein Hilfsmittel: Er ist ein Methodenbeschleuniger und eine Inspirationsquelle f\u00fcr deine n\u00e4chsten Projekte.<\/p>\n<h5 style=\"padding-left: 40px;\"><em style=\"font-size: 16px;\">Die ebooks werden nur als PDF-Version geliefert kein Ausdruck - Ma\u00dfsystem: Metrisch (Meter, Zentimeter, Millimeter) f\u00fcr die ebooks Sanit\u00e4r, K\u00fcche und Tischlerei und Imperial f\u00fcr die ebooks K\u00fcche und Sanit\u00e4r.<\/em><\/h5>\n<p><em>\u00a0<\/em><\/p>\n<script>function getWR360PopupSkin(){return 'light_clean';}<\/script>","protected":false},"excerpt":{"rendered":"<p>Alles, was du wissen musst, um ein Badezimmer zu planen, zu entwerfen und zu bauen<\/p>\n<h3>Was du bekommst:<\/h3>\n<p>&nbsp;<\/p>\n<p>&nbsp;<\/p>\n<p>&nbsp;<\/p>\n<h2>Revit Vorlagendatei (Revit 2019 oder neuer) Metrisch &amp; Imperial<\/h2>\n<ul>\n<li>Das beinhaltet auch ein umfassendes allgemeines Notizblatt mit Projektinformationen, Symbollegende, Abk\u00fcrzungen, Zeichenlisten und das alles in 4 verschiedenen Ma\u00dfst\u00e4ben und mehr.<\/li>\n<li>Bema\u00dfungsstile in 5 verschiedenen Ma\u00dfst\u00e4ben, horizontal und vertikal.<\/li>\n<li>Schnitt- und Ansichtsmarkierungen in 4 verschiedenen Ma\u00dfstabsstilen. Automatische Zonenmarkierungen mit Fl\u00e4chen- und Ausf\u00fchrungsarten in 4 verschiedenen Ma\u00dfstabsgr\u00f6\u00dfen.<\/li>\n<li>Ebene, Abschnitt, H\u00f6henmarkierungen und Nordpunkte f\u00fcr alle Ma\u00dfstabsgr\u00f6\u00dfen. Dynamische Ma\u00dfstabsbalken f\u00fcr die Layoutb\u00f6gen.<\/li>\n<li>Dynamische Nordpfeile f\u00fcr die Layoutb\u00f6gen.<\/li>\n<li>Text-Annotation-Stile f\u00fcr alle Gr\u00f6\u00dfen. (Metrisch oder Imperial)<\/li>\n<li>Musterprojekt: kleine Beispiel-Grundriss, Linienanordnung.<\/li>\n<li>Elektroprojekt-Vorlage: Kleine Beispielgrundrisse, Modellkomponenten, Styling, Linientypen und Notizen, 30 elektrische + Beleuchtungskomponenten: Steckdosen, Einbauleuchten, Aufputzleuchten, Ventilatoren, Rauchmelder, Schalttafeln + mehr.<\/li>\n<li>Legende f\u00fcr elektrische Symbole, allgemeine Hinweise und eine vorgefertigte Leuchtenliste. Vorlage f\u00fcr den Elektroplan und die Deckenh\u00f6henansicht.<\/li>\n<\/ul>\n<h2>2.\u00a0Farbtafel f\u00fcr alle Ma\u00dfst\u00e4be (.ctb):<\/h2>\n<ul>\n<li>Mit voreingestellten Stifteinstellungen, Breiten und Farben nach Ebenen bereit f\u00fcr die Installation und den Druck. Halten Sie Ihre Pl\u00e4ne sauber und klar und immer im gleichen minimalistischen Stil.<\/li>\n<\/ul>\n<h2>3. Layoutb\u00f6gen zum Bearbeiten und Ausdrucken bereit:<\/h2>\n<ul>\n<li>Vorgefertigte, minimalistische Schriftkopf-Familien (Title Blocks) enthalten jeweils drei der g\u00e4ngigsten metrischen Gr\u00f6\u00dfen. Dazu passende Deckbl\u00e4tter in vier Gr\u00f6\u00dfen. F\u00fcge einfach dein Logo + Branding hinzu und diese einfachen, klaren Layouts sind fertig zum Plotten.<\/li>\n<\/ul>\n<h2>4. Kaiserliche Titelbl\u00f6cke (Querformat):<\/h2>\n<ul>\n<li>Arch D (914 x 610 mm) Arch D Deckblatt Arch C (610 x 457 mm) Tabloid (432 x 279 mm)<\/li>\n<\/ul>\n<h2>5. Metrische Titelbl\u00f6cke (Querformat):<\/h2>\n<ul>\n<li>A1 (841mm x 594 mm) A1 Deckblatt A2 (594mm x 420mm) A3 (420mm x 297mm)<\/li>\n<\/ul>\n<h2>6. E-Book-Ratgeber (PDF):<\/h2>\n<p>Anleitung zur Installation &amp; zum Styling: Ein kompletter Leitfaden, der Schritt f\u00fcr Schritt erkl\u00e4rt, wie du deine neue komplette Revit-Vorlage verwendest, mit Tipps und Tricks, die dir helfen, keine Zeit mehr zu verschwenden!<\/p>","protected":false},"featured_media":26686,"comment_status":"open","ping_status":"closed","template":"","meta":{"_acf_changed":false,"iawp_total_views":4977},"product_brand":[],"product_cat":[40],"product_tag":[],"class_list":{"0":"post-23249","1":"product","2":"type-product","3":"status-publish","4":"has-post-thumbnail","6":"product_cat-book","8":"first","9":"instock","10":"downloadable","11":"virtual","12":"sold-individually","13":"purchasable","14":"product-type-simple"},"acf":[],"jetpack_sharing_enabled":true,"_links":{"self":[{"href":"https:\/\/hiarchitecturedetail.com\/de\/wp-json\/wp\/v2\/product\/23249","targetHints":{"allow":["GET"]}}],"collection":[{"href":"https:\/\/hiarchitecturedetail.com\/de\/wp-json\/wp\/v2\/product"}],"about":[{"href":"https:\/\/hiarchitecturedetail.com\/de\/wp-json\/wp\/v2\/types\/product"}],"replies":[{"embeddable":true,"href":"https:\/\/hiarchitecturedetail.com\/de\/wp-json\/wp\/v2\/comments?post=23249"}],"wp:featuredmedia":[{"embeddable":true,"href":"https:\/\/hiarchitecturedetail.com\/de\/wp-json\/wp\/v2\/media\/26686"}],"wp:attachment":[{"href":"https:\/\/hiarchitecturedetail.com\/de\/wp-json\/wp\/v2\/media?parent=23249"}],"wp:term":[{"taxonomy":"product_brand","embeddable":true,"href":"https:\/\/hiarchitecturedetail.com\/de\/wp-json\/wp\/v2\/product_brand?post=23249"},{"taxonomy":"product_cat","embeddable":true,"href":"https:\/\/hiarchitecturedetail.com\/de\/wp-json\/wp\/v2\/product_cat?post=23249"},{"taxonomy":"product_tag","embeddable":true,"href":"https:\/\/hiarchitecturedetail.com\/de\/wp-json\/wp\/v2\/product_tag?post=23249"}],"curies":[{"name":"na klar","href":"https:\/\/api.w.org\/{rel}","templated":true}]}}