{"id":26507,"date":"2026-04-10T16:35:32","date_gmt":"2026-04-10T14:35:32","guid":{"rendered":"https:\/\/hiarchitecturedetail.com\/?post_type=product&#038;p=26507"},"modified":"2026-04-24T14:10:48","modified_gmt":"2026-04-24T12:10:48","slug":"ki-visualisierung","status":"publish","type":"product","link":"https:\/\/hiarchitecturedetail.com\/de\/produit\/ai-visualisation\/","title":{"rendered":"KI-Visualisierung"},"content":{"rendered":"<h1>Hol dir High-End-Studio-Standards mit KI<\/h1>\n<p>Das ist nicht einfach nur ein weiteres KI-Guide.<\/p>\n<p>Das ist ein komplettes System, das dir die volle Kontrolle \u00fcber deine architektonischen Visualisierungen gibt \u2013 von den ersten Ideen bis zur finalen Pr\u00e4sentation.<\/p>\n<h3><strong>Ein neuer Weg, architektonische Visualisierungen zu erstellen<\/strong><\/h3>\n<p>Klassische Render-Workflows sind langsam, starr und zeitaufwendig.<\/p>\n<p>Dieses Buch stellt einen neuen Ansatz vor.<\/p>\n<p>Ein KI-gest\u00fctzter, strukturierter Workflow, mit dem du:<\/p>\n<p>einfache 3D-Modelle in wenigen Minuten in hochwertige Visualisierungen verwandeln<br \/>\nverschiedene Stile ausprobieren, ohne bei Null anzufangen<br \/>\nDetails verfeinern, ohne dein urspr\u00fcngliches Design zu ver\u00e4ndern<br \/>\nErstelle sofort fertige Pr\u00e4sentationen f\u00fcr deine Kunden<\/p>\n<h3><strong>Volle Kontrolle. Ohne Kompromisse.<\/strong><\/h3>\n<p>Eine der gr\u00f6\u00dften Herausforderungen bei KI ist der Kontrollverlust.<\/p>\n<p>Dieses System l\u00f6st dieses Problem.<\/p>\n<p>Du lernst eine pr\u00e4zise Methode kennen, die:<\/p>\n<p>erh\u00e4lt seine urspr\u00fcngliche Geometrie und Proportionen<br \/>\nverhindere, dass die KI dein Projekt neu gestaltet<br \/>\nKonzentrier dich nur auf das Wesentliche: Materialien, Licht, Atmosph\u00e4re, Realismus<\/p>\n<p>Statt zuf\u00e4lliger Ergebnisse bekommst du konsistente und professionelle Renderings.<\/p>\n<h3><strong>Von der Idee bis zur Pr\u00e4sentation \u2014 sofort<\/strong><\/h3>\n<p>Mit diesem Workflow kannst du:<\/p>\n<p>architektonische Volumen in Sekunden testen<br \/>\nsaubere und raffinierte Bilder aus einfachen SketchUp-Modellen erstellen<br \/>\nBilder erstellen, die schon in den ersten Entwurfsphasen einsatzbereit sind<\/p>\n<p>Keine komplizierte Einrichtung. Keine Zeitverschwendung.<\/p>\n<h3><strong>Gedacht f\u00fcr echte Projekte<\/strong><\/h3>\n<p>Dieser Leitfaden basiert auf Arbeitsabl\u00e4ufen, die in echten Architektur- und Innenarchitekturprojekten verwendet werden.<\/p>\n<p>Drinnen findest du:<\/p>\n<p>Ein komplettes Framework, um das Verhalten von KI zu steuern<br \/>\nfortgeschrittene Prompt-Strukturen f\u00fcr konsistente Ergebnisse<br \/>\nSchritt f\u00fcr Schritt vom Modell zum Rendering<br \/>\nkonkrete Beispiele und Anwendungsf\u00e4lle<br \/>\nmehr als 60 Seiten voller praktischer und direkt anwendbarer Inhalte<\/p>\n<h3><strong>Warum dieser Workflow alles ver\u00e4ndert<\/strong><\/h3>\n<p>Die traditionellen Render-Methoden sind:<\/p>\n<p>Zeitfresser<br \/>\nstreng<br \/>\nschwer zu entwickeln<\/p>\n<p>Dieser KI-gest\u00fctzte Workflow erm\u00f6glicht es Ihnen:<\/p>\n<p>schneller arbeiten<br \/>\nmehr Ideen ausprobieren<br \/>\nfr\u00fcher Entscheidungen treffen<br \/>\nbessere Pr\u00e4sentationen liefern<\/p>\n<script>function getWR360PopupSkin(){return 'light_clean';}<\/script>","protected":false},"excerpt":{"rendered":"<p>Alles, was du wissen musst, um ein Badezimmer zu planen, zu entwerfen und zu bauen<\/p>\n<h3>Was du bekommst:<\/h3>\n<p>&nbsp;<\/p>\n<p>&nbsp;<\/p>\n<p>&nbsp;<\/p>\n<h2>Revit Vorlagendatei (Revit 2019 oder neuer) Metrisch &amp; Imperial<\/h2>\n<ul>\n<li>Das beinhaltet auch ein umfassendes allgemeines Notizblatt mit Projektinformationen, Symbollegende, Abk\u00fcrzungen, Zeichenlisten und das alles in 4 verschiedenen Ma\u00dfst\u00e4ben und mehr.<\/li>\n<li>Bema\u00dfungsstile in 5 verschiedenen Ma\u00dfst\u00e4ben, horizontal und vertikal.<\/li>\n<li>Schnitt- und Ansichtsmarkierungen in 4 verschiedenen Ma\u00dfstabsstilen. Automatische Zonenmarkierungen mit Fl\u00e4chen- und Ausf\u00fchrungsarten in 4 verschiedenen Ma\u00dfstabsgr\u00f6\u00dfen.<\/li>\n<li>Ebene, Abschnitt, H\u00f6henmarkierungen und Nordpunkte f\u00fcr alle Ma\u00dfstabsgr\u00f6\u00dfen. Dynamische Ma\u00dfstabsbalken f\u00fcr die Layoutb\u00f6gen.<\/li>\n<li>Dynamische Nordpfeile f\u00fcr die Layoutb\u00f6gen.<\/li>\n<li>Text-Annotation-Stile f\u00fcr alle Gr\u00f6\u00dfen. (Metrisch oder Imperial)<\/li>\n<li>Musterprojekt: kleine Beispiel-Grundriss, Linienanordnung.<\/li>\n<li>Elektroprojekt-Vorlage: Kleine Beispielgrundrisse, Modellkomponenten, Styling, Linientypen und Notizen, 30 elektrische + Beleuchtungskomponenten: Steckdosen, Einbauleuchten, Aufputzleuchten, Ventilatoren, Rauchmelder, Schalttafeln + mehr.<\/li>\n<li>Legende f\u00fcr elektrische Symbole, allgemeine Hinweise und eine vorgefertigte Leuchtenliste. Vorlage f\u00fcr den Elektroplan und die Deckenh\u00f6henansicht.<\/li>\n<\/ul>\n<h2>2.\u00a0Farbtafel f\u00fcr alle Ma\u00dfst\u00e4be (.ctb):<\/h2>\n<ul>\n<li>Mit voreingestellten Stifteinstellungen, Breiten und Farben nach Ebenen bereit f\u00fcr die Installation und den Druck. Halten Sie Ihre Pl\u00e4ne sauber und klar und immer im gleichen minimalistischen Stil.<\/li>\n<\/ul>\n<h2>3. Layoutb\u00f6gen zum Bearbeiten und Ausdrucken bereit:<\/h2>\n<ul>\n<li>Vorgefertigte, minimalistische Schriftkopf-Familien (Title Blocks) enthalten jeweils drei der g\u00e4ngigsten metrischen Gr\u00f6\u00dfen. Dazu passende Deckbl\u00e4tter in vier Gr\u00f6\u00dfen. F\u00fcge einfach dein Logo + Branding hinzu und diese einfachen, klaren Layouts sind fertig zum Plotten.<\/li>\n<\/ul>\n<h2>4. Kaiserliche Titelbl\u00f6cke (Querformat):<\/h2>\n<ul>\n<li>Arch D (914 x 610 mm) Arch D Deckblatt Arch C (610 x 457 mm) Tabloid (432 x 279 mm)<\/li>\n<\/ul>\n<h2>5. Metrische Titelbl\u00f6cke (Querformat):<\/h2>\n<ul>\n<li>A1 (841mm x 594 mm) A1 Deckblatt A2 (594mm x 420mm) A3 (420mm x 297mm)<\/li>\n<\/ul>\n<h2>6. E-Book-Ratgeber (PDF):<\/h2>\n<p>Anleitung zur Installation &amp; zum Styling: Ein kompletter Leitfaden, der Schritt f\u00fcr Schritt erkl\u00e4rt, wie du deine neue komplette Revit-Vorlage verwendest, mit Tipps und Tricks, die dir helfen, keine Zeit mehr zu verschwenden!<\/p>","protected":false},"featured_media":26964,"comment_status":"open","ping_status":"closed","template":"","meta":{"_acf_changed":false,"iawp_total_views":6181},"product_brand":[],"product_cat":[40],"product_tag":[],"class_list":{"0":"post-26507","1":"product","2":"type-product","3":"status-publish","4":"has-post-thumbnail","6":"product_cat-book","8":"first","9":"instock","10":"downloadable","11":"virtual","12":"sold-individually","13":"purchasable","14":"product-type-simple"},"acf":[],"jetpack_sharing_enabled":true,"_links":{"self":[{"href":"https:\/\/hiarchitecturedetail.com\/de\/wp-json\/wp\/v2\/product\/26507","targetHints":{"allow":["GET"]}}],"collection":[{"href":"https:\/\/hiarchitecturedetail.com\/de\/wp-json\/wp\/v2\/product"}],"about":[{"href":"https:\/\/hiarchitecturedetail.com\/de\/wp-json\/wp\/v2\/types\/product"}],"replies":[{"embeddable":true,"href":"https:\/\/hiarchitecturedetail.com\/de\/wp-json\/wp\/v2\/comments?post=26507"}],"wp:featuredmedia":[{"embeddable":true,"href":"https:\/\/hiarchitecturedetail.com\/de\/wp-json\/wp\/v2\/media\/26964"}],"wp:attachment":[{"href":"https:\/\/hiarchitecturedetail.com\/de\/wp-json\/wp\/v2\/media?parent=26507"}],"wp:term":[{"taxonomy":"product_brand","embeddable":true,"href":"https:\/\/hiarchitecturedetail.com\/de\/wp-json\/wp\/v2\/product_brand?post=26507"},{"taxonomy":"product_cat","embeddable":true,"href":"https:\/\/hiarchitecturedetail.com\/de\/wp-json\/wp\/v2\/product_cat?post=26507"},{"taxonomy":"product_tag","embeddable":true,"href":"https:\/\/hiarchitecturedetail.com\/de\/wp-json\/wp\/v2\/product_tag?post=26507"}],"curies":[{"name":"na klar","href":"https:\/\/api.w.org\/{rel}","templated":true}]}}