{"id":7544,"date":"2026-02-02T18:40:49","date_gmt":"2026-02-02T17:40:49","guid":{"rendered":"https:\/\/hi-render.ch\/?post_type=product&#038;p=7544"},"modified":"2026-04-24T14:11:44","modified_gmt":"2026-04-24T12:11:44","slug":"badezimmer","status":"publish","type":"product","link":"https:\/\/hiarchitecturedetail.com\/de\/produit\/salle-de-bain\/","title":{"rendered":"eBook Badezimmer + CAD-Dateien + Vorlage"},"content":{"rendered":"<h2>Ein umfassender Leitfaden zum Thema Badezimmer :<\/h2>\n<p>Ein Thema, das f\u00fcr uns als Berufst\u00e4tige in unserer Anfangszeit ziemlich kompliziert zu meistern war.<\/p>\n<p>Deshalb haben wir beschlossen, dir alle Informationen zu geben, die du brauchst, um ein Badezimmer richtig zu planen, zu entwerfen, zu bauen und zu beleuchten sowie die richtigen Materialien auszuw\u00e4hlen.<\/p>\n<p>In diesem Handbuch findest du :<\/p>\n<p><strong>Die Standardma\u00dfe<\/strong> (eBook PDF, Archicad 26 und DWG Zeichnungen)<\/p>\n<p>Erkunde <strong>15 Badezimmer mit den neuesten Trends<\/strong>Die Badezimmer sind mit innovativen Konstruktionsdetails ausgestattet, wobei der Schwerpunkt auf den Pl\u00e4nen liegt: Grundrisse, Ansichten, technische Details, Perspektiven, Materialien, Sanit\u00e4rausstattung (PDF, Archicad 26 und DWG). Jedes Badezimmer wird mit Grundrissen, Schnitten und technischen Details als PDF-, Archicad- und DWG-Datei geliefert.<\/p>\n<h5>-<\/h5>\n<p style=\"padding-left: 40px;\">10 Badezimmer wurden entwickelt in <strong>3D auf Sketchup<\/strong> (inkl. Sketchup-Datei)<\/p>\n<ul>\n<li><strong>\u00dcber 150 Referenzen von Sanit\u00e4rartikeln und Trendmaterialien:<\/strong> Wir liefern dir alle unsere Favoriten: Wasserh\u00e4hne, Waschbecken, Duschtops, Badewannen, Duscharmaturen, Fliesen, ...<\/li>\n<li><strong>Materialien, aus denen ein Badezimmer besteht<\/strong>Die Materialien, die du in einem Badezimmer verwenden kannst, werden mit ihren Eigenschaften, Vor- und Nachteilen beschrieben.<\/li>\n<li><strong>Wie man die Beleuchtung verwaltet<\/strong> in den Badezimmern? Wir nehmen alle m\u00f6glichen und notwendigen Lichtquellen auseinander, damit du das richtige Licht hast, um dich im Badezimmer vorzubereiten, dich im Spa-Modus zu entspannen oder zu putzen.<\/li>\n<li><strong>5 baureife Detailpl\u00e4ne eines Badezimmers im 20.<\/strong>Plan und Ausschnitte in den Formaten PDF, Archicad 26 und DWG.<\/li>\n<\/ul>\n<p>Mehr<strong> 100 technische Zeichnungen<\/strong> von verschiedenen Herstellern f\u00fcr Sanit\u00e4rartikel CAD (DWG + Archikad)<\/p>\n<p>Mehr <strong>50 verschiedene Badezimmer-Layouts<\/strong> um dich inspirieren zu lassen und sie auf deine CAD-Projekte anzuwenden (DWG und DWG, BookPDF)<\/p>\n<p><em>Alle Dokumente sind auf Englisch und Franz\u00f6sisch im metrischen System.<\/em><\/p>\n<h5>-<\/h5>\n<h2 data-start=\"1925\" data-end=\"1960\">Format &amp; enthaltene Dateien :<\/h2>\n<ul data-start=\"1961\" data-end=\"2101\">\n<li class=\"\" data-start=\"1961\" data-end=\"2017\">\n<p class=\"translation-block\" data-start=\"1963\" data-end=\"2017\">Ebook in der Version <strong data-start=\"1980\" data-end=\"2015\">PDF only (not printable)<\/strong>.<\/p>\n<\/li>\n<li class=\"\" data-start=\"2018\" data-end=\"2101\">\n<p class=\"translation-block\" data-start=\"2020\" data-end=\"2101\"><strong data-start=\"2029\" data-end=\"2036\">DWG<\/strong> und <strong data-start=\"2040\" data-end=\"2055\">Archicad 26<\/strong>-Dateien f\u00fcr technische Details und 2D-Zeichnungen<\/p>\n<\/li>\n<\/ul>\n<p class=\"\" data-start=\"2108\" data-end=\"2241\"><strong data-start=\"2108\" data-end=\"2241\">Ein Werkzeug, mit dem du Zeit sparen, besser mit deinen Handwerkern kommunizieren und deine Projekte mit pr\u00e4zisen und koh\u00e4renten Details bereichern kannst.<\/strong><\/p>\n<p class=\"\" data-start=\"2243\" data-end=\"2370\">Dieser Leitfaden ist mehr als nur ein Hilfsmittel: Er ist ein Methodenbeschleuniger und eine Inspirationsquelle f\u00fcr deine n\u00e4chsten Badezimmer.<\/p>\n<h5 style=\"padding-left: 40px;\"><em style=\"font-size: 16px;\">Das ebook wird nur als PDF-Version geliefert kein Ausdruck - Ma\u00dfsystem: Metrisch (Meter, Zentimeter, Millimeter)<\/em><\/h5>\n<p><em>\u00a0<\/em><\/p>\n<script>function getWR360PopupSkin(){return 'light_clean';}<\/script>","protected":false},"excerpt":{"rendered":"<p>Alles, was du wissen musst, um ein Badezimmer zu planen, zu entwerfen und zu bauen<\/p>\n<h3>Was du bekommst:<\/h3>\n<p>&nbsp;<\/p>\n<p>&nbsp;<\/p>\n<p>&nbsp;<\/p>\n<h2>Revit Vorlagendatei (Revit 2019 oder neuer) Metrisch &amp; Imperial<\/h2>\n<ul>\n<li>Das beinhaltet auch ein umfassendes allgemeines Notizblatt mit Projektinformationen, Symbollegende, Abk\u00fcrzungen, Zeichenlisten und das alles in 4 verschiedenen Ma\u00dfst\u00e4ben und mehr.<\/li>\n<li>Bema\u00dfungsstile in 5 verschiedenen Ma\u00dfst\u00e4ben, horizontal und vertikal.<\/li>\n<li>Schnitt- und Ansichtsmarkierungen in 4 verschiedenen Ma\u00dfstabsstilen. Automatische Zonenmarkierungen mit Fl\u00e4chen- und Ausf\u00fchrungsarten in 4 verschiedenen Ma\u00dfstabsgr\u00f6\u00dfen.<\/li>\n<li>Ebene, Abschnitt, H\u00f6henmarkierungen und Nordpunkte f\u00fcr alle Ma\u00dfstabsgr\u00f6\u00dfen. Dynamische Ma\u00dfstabsbalken f\u00fcr die Layoutb\u00f6gen.<\/li>\n<li>Dynamische Nordpfeile f\u00fcr die Layoutb\u00f6gen.<\/li>\n<li>Text-Annotation-Stile f\u00fcr alle Gr\u00f6\u00dfen. (Metrisch oder Imperial)<\/li>\n<li>Musterprojekt: kleine Beispiel-Grundriss, Linienanordnung.<\/li>\n<li>Elektroprojekt-Vorlage: Kleine Beispielgrundrisse, Modellkomponenten, Styling, Linientypen und Notizen, 30 elektrische + Beleuchtungskomponenten: Steckdosen, Einbauleuchten, Aufputzleuchten, Ventilatoren, Rauchmelder, Schalttafeln + mehr.<\/li>\n<li>Legende f\u00fcr elektrische Symbole, allgemeine Hinweise und eine vorgefertigte Leuchtenliste. Vorlage f\u00fcr den Elektroplan und die Deckenh\u00f6henansicht.<\/li>\n<\/ul>\n<h2>2.\u00a0Farbtafel f\u00fcr alle Ma\u00dfst\u00e4be (.ctb):<\/h2>\n<ul>\n<li>Mit voreingestellten Stifteinstellungen, Breiten und Farben nach Ebenen bereit f\u00fcr die Installation und den Druck. Halten Sie Ihre Pl\u00e4ne sauber und klar und immer im gleichen minimalistischen Stil.<\/li>\n<\/ul>\n<h2>3. Layoutb\u00f6gen zum Bearbeiten und Ausdrucken bereit:<\/h2>\n<ul>\n<li>Vorgefertigte, minimalistische Schriftkopf-Familien (Title Blocks) enthalten jeweils drei der g\u00e4ngigsten metrischen Gr\u00f6\u00dfen. Dazu passende Deckbl\u00e4tter in vier Gr\u00f6\u00dfen. F\u00fcge einfach dein Logo + Branding hinzu und diese einfachen, klaren Layouts sind fertig zum Plotten.<\/li>\n<\/ul>\n<h2>4. Kaiserliche Titelbl\u00f6cke (Querformat):<\/h2>\n<ul>\n<li>Arch D (914 x 610 mm) Arch D Deckblatt Arch C (610 x 457 mm) Tabloid (432 x 279 mm)<\/li>\n<\/ul>\n<h2>5. Metrische Titelbl\u00f6cke (Querformat):<\/h2>\n<ul>\n<li>A1 (841mm x 594 mm) A1 Deckblatt A2 (594mm x 420mm) A3 (420mm x 297mm)<\/li>\n<\/ul>\n<h2>6. E-Book-Ratgeber (PDF):<\/h2>\n<p>Anleitung zur Installation &amp; zum Styling: Ein kompletter Leitfaden, der Schritt f\u00fcr Schritt erkl\u00e4rt, wie du deine neue komplette Revit-Vorlage verwendest, mit Tipps und Tricks, die dir helfen, keine Zeit mehr zu verschwenden!<\/p>","protected":false},"featured_media":26504,"comment_status":"open","ping_status":"closed","template":"","meta":{"_acf_changed":false,"iawp_total_views":12020},"product_brand":[],"product_cat":[40],"product_tag":[],"class_list":{"0":"post-7544","1":"product","2":"type-product","3":"status-publish","4":"has-post-thumbnail","6":"product_cat-book","8":"first","9":"instock","10":"sale","11":"downloadable","12":"virtual","13":"sold-individually","14":"purchasable","15":"product-type-simple"},"acf":[],"jetpack_sharing_enabled":true,"_links":{"self":[{"href":"https:\/\/hiarchitecturedetail.com\/de\/wp-json\/wp\/v2\/product\/7544","targetHints":{"allow":["GET"]}}],"collection":[{"href":"https:\/\/hiarchitecturedetail.com\/de\/wp-json\/wp\/v2\/product"}],"about":[{"href":"https:\/\/hiarchitecturedetail.com\/de\/wp-json\/wp\/v2\/types\/product"}],"replies":[{"embeddable":true,"href":"https:\/\/hiarchitecturedetail.com\/de\/wp-json\/wp\/v2\/comments?post=7544"}],"wp:featuredmedia":[{"embeddable":true,"href":"https:\/\/hiarchitecturedetail.com\/de\/wp-json\/wp\/v2\/media\/26504"}],"wp:attachment":[{"href":"https:\/\/hiarchitecturedetail.com\/de\/wp-json\/wp\/v2\/media?parent=7544"}],"wp:term":[{"taxonomy":"product_brand","embeddable":true,"href":"https:\/\/hiarchitecturedetail.com\/de\/wp-json\/wp\/v2\/product_brand?post=7544"},{"taxonomy":"product_cat","embeddable":true,"href":"https:\/\/hiarchitecturedetail.com\/de\/wp-json\/wp\/v2\/product_cat?post=7544"},{"taxonomy":"product_tag","embeddable":true,"href":"https:\/\/hiarchitecturedetail.com\/de\/wp-json\/wp\/v2\/product_tag?post=7544"}],"curies":[{"name":"na klar","href":"https:\/\/api.w.org\/{rel}","templated":true}]}}